{"id":2374,"date":"2021-11-18T21:06:52","date_gmt":"2021-11-18T21:06:52","guid":{"rendered":"https:\/\/justcar.me\/?page_id=2374"},"modified":"2024-05-11T20:38:28","modified_gmt":"2024-05-11T20:38:28","slug":"how-it-works","status":"publish","type":"page","link":"https:\/\/justcar.me\/de\/how-it-works\/","title":{"rendered":"How it works"},"content":{"rendered":"<section class=\"l-section wpb_row height_large\"><div class=\"l-section-h i-cf\"><div class=\"g-cols vc_row via_grid cols_1 laptops-cols_inherit tablets-cols_inherit mobiles-cols_1 valign_top type_default stacking_default\"><div class=\"wpb_column vc_column_container\"><div class=\"vc_column-inner\"><div class=\"wpb_text_column us_custom_2e9da019\"><div class=\"wpb_wrapper\"><h3 style=\"text-align: center;\">Wie es funktioniert<\/h3>\n<\/div><\/div><div class=\"w-separator size_huge\"><\/div><div class=\"g-cols wpb_row via_grid cols_2 laptops-cols_inherit tablets-cols_inherit mobiles-cols_1 valign_middle type_default reversed stacking_default\" style=\"--gap:4vw;\"><div class=\"wpb_column vc_column_container\"><div class=\"vc_column-inner\"><div class=\"w-image has_ratio align_none\"><div class=\"w-image-h\"><div style=\"padding-bottom:75%\"><\/div><img decoding=\"async\" width=\"1024\" height=\"1024\" src=\"https:\/\/justcar.me\/wp-content\/uploads\/2023\/04\/register-1-1024x1024.jpg\" class=\"attachment-large size-large\" alt=\"\" loading=\"lazy\" srcset=\"https:\/\/justcar.me\/wp-content\/uploads\/2023\/04\/register-1-1024x1024.jpg 1024w, https:\/\/justcar.me\/wp-content\/uploads\/2023\/04\/register-1-300x300.jpg 300w, https:\/\/justcar.me\/wp-content\/uploads\/2023\/04\/register-1-150x150.jpg 150w\" sizes=\"auto, (max-width: 1024px) 100vw, 1024px\" \/><\/div><\/div><\/div><\/div><div class=\"wpb_column vc_column_container\"><div class=\"vc_column-inner\"><div class=\"wpb_text_column us_custom_d98eb4eb\"><div class=\"wpb_wrapper\"><h3>Konto erstellen<\/h3>\n<p>Erstellen Sie Ihr pers\u00f6nliches Konto 100% kostenlos und nutzen Sie unseren Premium-Service f\u00fcr 30 Tage v\u00f6llig kostenlos. Keine Kreditkarten notwendig.<\/p>\n<p><strong>Wenn Sie Premium nicht weiter nutzen m\u00f6chten, m\u00fcssen Sie nichts machen. Eine K\u00fcndigung ist nicht erforderlich.<\/strong><\/p>\n<p>Nach 30 Tagen wird Ihr Konto automatisch als kostenloses Konto weitergef\u00fchrt.<\/p>\n<\/div><\/div><\/div><\/div><\/div><div class=\"w-separator size_large\"><\/div><div class=\"g-cols wpb_row via_grid cols_2 laptops-cols_inherit tablets-cols_inherit mobiles-cols_1 valign_middle type_default stacking_default\" style=\"--gap:4vw;\"><div class=\"wpb_column vc_column_container\"><div class=\"vc_column-inner\"><div class=\"wpb_text_column us_custom_b818dcba\"><div class=\"wpb_wrapper\"><h6>Verwirklichen Sie Ihre eigenen Ideen.<\/h6>\n<p>W\u00e4hlen Sie Ihr Design und laden Sie Ihr eigenes Logo und Bilder hoch und bearbeiten Sie den Inhalt nach\u00a0 Ihrem eigenem Bedarf.<\/p>\n<p>Es stehen Ihnen mehr als <strong>20 kostenlose Designs<\/strong> und mehr als <strong>200 verschiedene Einstellungen<\/strong> zur Verf\u00fcgung.<\/p>\n<p><strong>\u00dcber 30 verschiedene Plugins<\/strong> und Anbindungen stehen Ihnen zur Verf\u00fcgung, wie zum Beispiel Paypal, Mollie, Mobile.de Carcopy, und viele weitere.<\/p>\n<\/div><\/div><\/div><\/div><div class=\"wpb_column vc_column_container\"><div class=\"vc_column-inner\"><div class=\"w-image has_ratio align_none\"><div class=\"w-image-h\"><div style=\"padding-bottom:75%\"><\/div><img decoding=\"async\" width=\"1024\" height=\"683\" src=\"https:\/\/justcar.me\/wp-content\/uploads\/2023\/04\/website_builder-1024x683.jpg\" class=\"attachment-large size-large\" alt=\"\" loading=\"lazy\" srcset=\"https:\/\/justcar.me\/wp-content\/uploads\/2023\/04\/website_builder-1024x683.jpg 1024w, https:\/\/justcar.me\/wp-content\/uploads\/2023\/04\/website_builder-300x200.jpg 300w\" sizes=\"auto, (max-width: 1024px) 100vw, 1024px\" \/><\/div><\/div><\/div><\/div><\/div><div class=\"w-separator size_large\"><\/div><div class=\"g-cols wpb_row via_grid cols_2 laptops-cols_inherit tablets-cols_inherit mobiles-cols_1 valign_middle type_default reversed stacking_default\" style=\"--gap:4vw;\"><div class=\"wpb_column vc_column_container\"><div class=\"vc_column-inner\"><div class=\"w-image has_ratio align_none\"><div class=\"w-image-h\"><div style=\"padding-bottom:75%\"><\/div><img decoding=\"async\" width=\"1024\" height=\"683\" src=\"https:\/\/justcar.me\/wp-content\/uploads\/2023\/04\/domain-1024x683.jpg\" class=\"attachment-large size-large\" alt=\"\" loading=\"lazy\" srcset=\"https:\/\/justcar.me\/wp-content\/uploads\/2023\/04\/domain-1024x683.jpg 1024w, https:\/\/justcar.me\/wp-content\/uploads\/2023\/04\/domain-300x200.jpg 300w\" sizes=\"auto, (max-width: 1024px) 100vw, 1024px\" \/><\/div><\/div><\/div><\/div><div class=\"wpb_column vc_column_container\"><div class=\"vc_column-inner\"><div class=\"wpb_text_column us_custom_d98eb4eb\"><div class=\"wpb_wrapper\"><h5>Binden Sie Ihre Domain ein<\/h5>\n<p>Sie k\u00f6nnen Ihre bestehende Domain ganz einfach mit Justcar verbinden. Es entstehen Ihnen keine zus\u00e4tzlichen Kosten und Sie k\u00f6nnen Ihre Domain auch mit einem kostenlosen Konto nutzen.<\/p>\n<p>Falls Sie keine eigene Domain haben, k\u00f6nnen Sie gerne eine Domain aus unserer Seite bestellen.<\/p>\n<p>Die Preise f\u00fcr eine Domain h\u00e4ngen vom der Domain-Endung ab.<\/p>\n<\/div><\/div><\/div><\/div><\/div><div class=\"g-cols wpb_row via_grid cols_2 laptops-cols_inherit tablets-cols_inherit mobiles-cols_1 valign_middle type_default stacking_default\" style=\"--gap:4vw;\"><div class=\"wpb_column vc_column_container\"><div class=\"vc_column-inner\"><div class=\"wpb_text_column us_custom_b818dcba\"><div class=\"wpb_wrapper\"><h6>F\u00fcgen Sie Ihr Fahrzeuginventar hinzu<\/h6>\n<p>F\u00fcgen Sie Ihren Fahrzeugbestand hinzu, laden Sie Bilder hoch, erstellen Sie Kategorien und verwalten Sie Ihren Fahrzeugbestand nach belieben.<\/p>\n<p>Sie k\u00f6nnen auch Ihr Fahrzeuginventar \u00fcber <strong>Carcopy<\/strong> importieren oder die eingegebenen Daten an <strong>Mobile.de<\/strong>\u00a0 oder sonstige Autob\u00f6rsen weiterleiten.<\/p>\n<\/div><\/div><\/div><\/div><div class=\"wpb_column vc_column_container\"><div class=\"vc_column-inner\"><div class=\"w-image has_ratio align_none\"><div class=\"w-image-h\"><div style=\"padding-bottom:75%\"><\/div><img decoding=\"async\" width=\"1024\" height=\"683\" src=\"https:\/\/justcar.me\/wp-content\/uploads\/2023\/04\/edit-1024x683.jpg\" class=\"attachment-large size-large\" alt=\"\" loading=\"lazy\" srcset=\"https:\/\/justcar.me\/wp-content\/uploads\/2023\/04\/edit-1024x683.jpg 1024w, https:\/\/justcar.me\/wp-content\/uploads\/2023\/04\/edit-300x200.jpg 300w\" sizes=\"auto, (max-width: 1024px) 100vw, 1024px\" \/><\/div><\/div><\/div><\/div><\/div><div class=\"g-cols wpb_row via_grid cols_2 laptops-cols_inherit tablets-cols_inherit mobiles-cols_1 valign_middle type_default reversed stacking_default\" style=\"--gap:4vw;\"><div class=\"wpb_column vc_column_container\"><div class=\"vc_column-inner\"><div class=\"w-image has_ratio align_none\"><div class=\"w-image-h\"><div style=\"padding-bottom:75%\"><\/div><img decoding=\"async\" width=\"1024\" height=\"1024\" src=\"https:\/\/justcar.me\/wp-content\/uploads\/2023\/04\/blog-1024x1024.jpg\" class=\"attachment-large size-large\" alt=\"\" loading=\"lazy\" srcset=\"https:\/\/justcar.me\/wp-content\/uploads\/2023\/04\/blog-1024x1024.jpg 1024w, https:\/\/justcar.me\/wp-content\/uploads\/2023\/04\/blog-300x300.jpg 300w, https:\/\/justcar.me\/wp-content\/uploads\/2023\/04\/blog-150x150.jpg 150w\" sizes=\"auto, (max-width: 1024px) 100vw, 1024px\" \/><\/div><\/div><\/div><\/div><div class=\"wpb_column vc_column_container\"><div class=\"vc_column-inner\"><div class=\"wpb_text_column us_custom_d98eb4eb\"><div class=\"wpb_wrapper\"><h6>Starten Sie Ihren eigenen Blog<\/h6>\n<p>Erstellen Sie Ihren eigenen individuellen Blog auf Ihrer eigenen Website.<\/p>\n<p><strong>Erstellen und bearbeiten Sie sch\u00f6ne Blog-Beitr\u00e4ge, verwalten Sie Kommentare und teilen Sie sie in sozialen Medien.<\/strong><\/p>\n<\/div><\/div><\/div><\/div><\/div><div class=\"g-cols wpb_row via_grid cols_2 laptops-cols_inherit tablets-cols_inherit mobiles-cols_1 valign_middle type_default stacking_default\" style=\"--gap:4vw;\"><div class=\"wpb_column vc_column_container\"><div class=\"vc_column-inner\"><div class=\"wpb_text_column us_custom_b818dcba\"><div class=\"wpb_wrapper\"><h5>\u00dcbersicht Ihrer Statistiken<\/h5>\n<p>Erhalten Sie wertvolle Einblicke in Ihre Website mit handlungsrelevanten Informationen. Entdecken Sie den effektivsten Inhalt und analysieren Sie das Verhalten Ihrer Besucher.<\/p>\n<p>Nutzen Sie diese Erkenntnisse, um Ma\u00dfnahmen zu ergreifen und Ihre Website zu verbessern.<\/p>\n<\/div><\/div><\/div><\/div><div class=\"wpb_column vc_column_container\"><div class=\"vc_column-inner\"><div class=\"w-image has_ratio align_none\"><div class=\"w-image-h\"><div style=\"padding-bottom:75%\"><\/div><img decoding=\"async\" width=\"1024\" height=\"683\" src=\"https:\/\/justcar.me\/wp-content\/uploads\/2023\/04\/statistics-1024x683.jpg\" class=\"attachment-large size-large\" alt=\"\" loading=\"lazy\" srcset=\"https:\/\/justcar.me\/wp-content\/uploads\/2023\/04\/statistics-1024x683.jpg 1024w, https:\/\/justcar.me\/wp-content\/uploads\/2023\/04\/statistics-300x200.jpg 300w\" sizes=\"auto, (max-width: 1024px) 100vw, 1024px\" \/><\/div><\/div><\/div><\/div><\/div><div class=\"g-cols wpb_row via_grid cols_2 laptops-cols_inherit tablets-cols_inherit mobiles-cols_1 valign_middle type_default reversed stacking_default\" style=\"--gap:4vw;\"><div class=\"wpb_column vc_column_container\"><div class=\"vc_column-inner\"><div class=\"w-image has_ratio align_none\"><div class=\"w-image-h\"><div style=\"padding-bottom:75%\"><\/div><img decoding=\"async\" width=\"1024\" height=\"1024\" src=\"https:\/\/justcar.me\/wp-content\/uploads\/2023\/04\/jobboard-1024x1024.jpg\" class=\"attachment-large size-large\" alt=\"\" loading=\"lazy\" srcset=\"https:\/\/justcar.me\/wp-content\/uploads\/2023\/04\/jobboard-1024x1024.jpg 1024w, https:\/\/justcar.me\/wp-content\/uploads\/2023\/04\/jobboard-300x300.jpg 300w, https:\/\/justcar.me\/wp-content\/uploads\/2023\/04\/jobboard-150x150.jpg 150w\" sizes=\"auto, (max-width: 1024px) 100vw, 1024px\" \/><\/div><\/div><\/div><\/div><div class=\"wpb_column vc_column_container\"><div class=\"vc_column-inner\"><div class=\"wpb_text_column us_custom_d98eb4eb\"><div class=\"wpb_wrapper\"><h4>Ihr eigener Stellenmarkt<\/h4>\n<p>Betreiben Sie Ihre eigene Jobb\u00f6rse und machen sich unabh\u00e4ngig von \u00fcberteuerten Jobb\u00f6rsen.<\/p>\n<p>Erstellen Sie Ihre Stellenanzeigen auf Ihrer eigenen Website und erhalten Sie Bewerbungen direkt \u00fcber Ihre eigene Website.<\/p>\n<\/div><\/div><\/div><\/div><\/div><\/div><\/div><\/div><\/div><\/section>\n","protected":false},"excerpt":{"rendered":"Wie es funktioniert Konto erstellen Erstellen Sie Ihr pers\u00f6nliches Konto 100% kostenlos und nutzen Sie unseren Premium-Service f\u00fcr 30 Tage v\u00f6llig kostenlos. Keine Kreditkarten notwendig. Wenn Sie Premium nicht weiter nutzen m\u00f6chten, m\u00fcssen Sie nichts machen. Eine K\u00fcndigung ist nicht erforderlich. Nach 30 Tagen wird Ihr Konto automatisch als kostenloses Konto weitergef\u00fchrt. Verwirklichen Sie Ihre...","protected":false},"author":1,"featured_media":0,"parent":0,"menu_order":0,"comment_status":"closed","ping_status":"closed","template":"","meta":{"footnotes":""},"class_list":["post-2374","page","type-page","status-publish","hentry"],"yoast_head":"<!-- This site is optimized with the Yoast SEO plugin v23.4 - https:\/\/yoast.com\/wordpress\/plugins\/seo\/ -->\n<title>How it works - Justcar.me<\/title>\n<meta name=\"robots\" content=\"index, follow, max-snippet:-1, max-image-preview:large, max-video-preview:-1\" \/>\n<link rel=\"canonical\" href=\"https:\/\/justcar.me\/de\/how-it-works\/\" \/>\n<meta property=\"og:locale\" content=\"de_DE\" \/>\n<meta property=\"og:type\" content=\"article\" \/>\n<meta property=\"og:title\" content=\"How it works - Justcar.me\" \/>\n<meta property=\"og:url\" content=\"https:\/\/justcar.me\/de\/how-it-works\/\" \/>\n<meta property=\"og:site_name\" content=\"Justcar.me\" \/>\n<meta property=\"article:modified_time\" content=\"2024-05-11T20:38:28+00:00\" \/>\n<meta name=\"twitter:card\" content=\"summary_large_image\" \/>\n<meta name=\"twitter:label1\" content=\"Gesch\u00e4tzte Lesezeit\" \/>\n\t<meta name=\"twitter:data1\" content=\"2\u00a0Minuten\" \/>\n<script type=\"application\/ld+json\" class=\"yoast-schema-graph\">{\"@context\":\"https:\/\/schema.org\",\"@graph\":[{\"@type\":\"WebPage\",\"@id\":\"https:\/\/justcar.me\/de\/how-it-works\/\",\"url\":\"https:\/\/justcar.me\/de\/how-it-works\/\",\"name\":\"How it works - Justcar.me\",\"isPartOf\":{\"@id\":\"https:\/\/justcar.me\/#website\"},\"datePublished\":\"2021-11-18T21:06:52+00:00\",\"dateModified\":\"2024-05-11T20:38:28+00:00\",\"breadcrumb\":{\"@id\":\"https:\/\/justcar.me\/de\/how-it-works\/#breadcrumb\"},\"inLanguage\":\"de\",\"potentialAction\":[{\"@type\":\"ReadAction\",\"target\":[\"https:\/\/justcar.me\/de\/how-it-works\/\"]}]},{\"@type\":\"BreadcrumbList\",\"@id\":\"https:\/\/justcar.me\/de\/how-it-works\/#breadcrumb\",\"itemListElement\":[{\"@type\":\"ListItem\",\"position\":1,\"name\":\"Home\",\"item\":\"https:\/\/justcar.me\/de\/\"},{\"@type\":\"ListItem\",\"position\":2,\"name\":\"How it works\"}]},{\"@type\":\"WebSite\",\"@id\":\"https:\/\/justcar.me\/#website\",\"url\":\"https:\/\/justcar.me\/\",\"name\":\"Justcar.me\",\"description\":\"Just another WordPress site\",\"publisher\":{\"@id\":\"https:\/\/justcar.me\/#organization\"},\"potentialAction\":[{\"@type\":\"SearchAction\",\"target\":{\"@type\":\"EntryPoint\",\"urlTemplate\":\"https:\/\/justcar.me\/?s={search_term_string}\"},\"query-input\":{\"@type\":\"PropertyValueSpecification\",\"valueRequired\":true,\"valueName\":\"search_term_string\"}}],\"inLanguage\":\"de\"},{\"@type\":\"Organization\",\"@id\":\"https:\/\/justcar.me\/#organization\",\"name\":\"Justcar.me - The Car-Dealer Website\",\"url\":\"https:\/\/justcar.me\/\",\"logo\":{\"@type\":\"ImageObject\",\"inLanguage\":\"de\",\"@id\":\"https:\/\/justcar.me\/#\/schema\/logo\/image\/\",\"url\":\"https:\/\/justcar.me\/wp-content\/uploads\/2023\/03\/logo.png\",\"contentUrl\":\"https:\/\/justcar.me\/wp-content\/uploads\/2023\/03\/logo.png\",\"width\":12713,\"height\":5316,\"caption\":\"Justcar.me - The Car-Dealer Website\"},\"image\":{\"@id\":\"https:\/\/justcar.me\/#\/schema\/logo\/image\/\"}}]}<\/script>\n<!-- \/ Yoast SEO plugin. -->","yoast_head_json":{"title":"How it works - Justcar.me","robots":{"index":"index","follow":"follow","max-snippet":"max-snippet:-1","max-image-preview":"max-image-preview:large","max-video-preview":"max-video-preview:-1"},"canonical":"https:\/\/justcar.me\/de\/how-it-works\/","og_locale":"de_DE","og_type":"article","og_title":"How it works - Justcar.me","og_url":"https:\/\/justcar.me\/de\/how-it-works\/","og_site_name":"Justcar.me","article_modified_time":"2024-05-11T20:38:28+00:00","twitter_card":"summary_large_image","twitter_misc":{"Gesch\u00e4tzte Lesezeit":"2\u00a0Minuten"},"schema":{"@context":"https:\/\/schema.org","@graph":[{"@type":"WebPage","@id":"https:\/\/justcar.me\/de\/how-it-works\/","url":"https:\/\/justcar.me\/de\/how-it-works\/","name":"How it works - Justcar.me","isPartOf":{"@id":"https:\/\/justcar.me\/#website"},"datePublished":"2021-11-18T21:06:52+00:00","dateModified":"2024-05-11T20:38:28+00:00","breadcrumb":{"@id":"https:\/\/justcar.me\/de\/how-it-works\/#breadcrumb"},"inLanguage":"de","potentialAction":[{"@type":"ReadAction","target":["https:\/\/justcar.me\/de\/how-it-works\/"]}]},{"@type":"BreadcrumbList","@id":"https:\/\/justcar.me\/de\/how-it-works\/#breadcrumb","itemListElement":[{"@type":"ListItem","position":1,"name":"Home","item":"https:\/\/justcar.me\/de\/"},{"@type":"ListItem","position":2,"name":"How it works"}]},{"@type":"WebSite","@id":"https:\/\/justcar.me\/#website","url":"https:\/\/justcar.me\/","name":"Justcar.me","description":"Just another WordPress site","publisher":{"@id":"https:\/\/justcar.me\/#organization"},"potentialAction":[{"@type":"SearchAction","target":{"@type":"EntryPoint","urlTemplate":"https:\/\/justcar.me\/?s={search_term_string}"},"query-input":{"@type":"PropertyValueSpecification","valueRequired":true,"valueName":"search_term_string"}}],"inLanguage":"de"},{"@type":"Organization","@id":"https:\/\/justcar.me\/#organization","name":"Justcar.me - The Car-Dealer Website","url":"https:\/\/justcar.me\/","logo":{"@type":"ImageObject","inLanguage":"de","@id":"https:\/\/justcar.me\/#\/schema\/logo\/image\/","url":"https:\/\/justcar.me\/wp-content\/uploads\/2023\/03\/logo.png","contentUrl":"https:\/\/justcar.me\/wp-content\/uploads\/2023\/03\/logo.png","width":12713,"height":5316,"caption":"Justcar.me - The Car-Dealer Website"},"image":{"@id":"https:\/\/justcar.me\/#\/schema\/logo\/image\/"}}]}},"jetpack_sharing_enabled":true,"_links":{"self":[{"href":"https:\/\/justcar.me\/de\/wp-json\/wp\/v2\/pages\/2374","targetHints":{"allow":["GET"]}}],"collection":[{"href":"https:\/\/justcar.me\/de\/wp-json\/wp\/v2\/pages"}],"about":[{"href":"https:\/\/justcar.me\/de\/wp-json\/wp\/v2\/types\/page"}],"author":[{"embeddable":true,"href":"https:\/\/justcar.me\/de\/wp-json\/wp\/v2\/users\/1"}],"replies":[{"embeddable":true,"href":"https:\/\/justcar.me\/de\/wp-json\/wp\/v2\/comments?post=2374"}],"version-history":[{"count":5,"href":"https:\/\/justcar.me\/de\/wp-json\/wp\/v2\/pages\/2374\/revisions"}],"predecessor-version":[{"id":2745,"href":"https:\/\/justcar.me\/de\/wp-json\/wp\/v2\/pages\/2374\/revisions\/2745"}],"wp:attachment":[{"href":"https:\/\/justcar.me\/de\/wp-json\/wp\/v2\/media?parent=2374"}],"curies":[{"name":"wp","href":"https:\/\/api.w.org\/{rel}","templated":true}]}}