{"id":2389,"date":"2023-04-11T21:01:59","date_gmt":"2023-04-11T21:01:59","guid":{"rendered":"https:\/\/justcar.me\/?page_id=2389"},"modified":"2024-05-11T20:37:56","modified_gmt":"2024-05-11T20:37:56","slug":"beta-anmeldung","status":"publish","type":"page","link":"https:\/\/justcar.me\/de\/beta-anmeldung\/","title":{"rendered":"Beta-Anmeldung"},"content":{"rendered":"<section class=\"l-section wpb_row us_custom_6df4bc3a has_text_color height_large full_height valign_center width_custom with_img\" style=\"--site-content-width:850px;\"><div class=\"l-section-img\" role=\"img\" data-img-width=\"1500\" data-img-height=\"844\" style=\"background-image: url(https:\/\/justcar.me\/wp-content\/uploads\/2023\/03\/modern-cars-are-in-the-studio-room-3d-illustration-and-3d-render-1.jpg);\"><\/div><div class=\"l-section-overlay\" style=\"background:linear-gradient(0deg,rgba(15,19,31,0.65),#0f131f)\"><\/div><div class=\"l-section-h i-cf\"><div class=\"g-cols vc_row via_grid cols_1 laptops-cols_inherit tablets-cols_inherit mobiles-cols_1 valign_middle type_default stacking_default\"><div class=\"wpb_column vc_column_container\"><div class=\"vc_column-inner\"><div class=\"wpb_text_column\"><div class=\"wpb_wrapper\"><h1 style=\"text-align: center;\">Beta-Anmeldung<\/h1>\n<\/div><\/div><div class=\"w-separator size_small\"><\/div><div class=\"wpb_text_column us_custom_894a8fed has_text_color\"><div class=\"wpb_wrapper\"><p style=\"text-align: center;\">Melden Sie sich jetzt kostenlos an und geh\u00f6ren Sie zu den Ersten, die dabei sind.<\/p>\n<\/div><\/div><div class=\"w-separator size_medium\"><\/div><div class=\"w-separator size_large\"><\/div><div class=\"w-hwrapper valign_top wrap align_center\" style=\"--hwrapper-gap:3rem\"><\/div><\/div><\/div><\/div><\/div><\/section><section class=\"l-section wpb_row us_custom_c70c97eb height_large\"><div class=\"l-section-h i-cf\"><div class=\"g-cols vc_row via_grid cols_1 laptops-cols_inherit tablets-cols_inherit mobiles-cols_1 valign_top type_default stacking_default\"><div class=\"wpb_column vc_column_container\"><div class=\"vc_column-inner\"><div class=\"wpb_text_column us_custom_38e07046\"><div class=\"wpb_wrapper\"><h3>Erhalten Sie als Erster Zugang.<\/h3>\n<p>Geben Sie unten Ihre E-Mail-Adresse ein, um Ihr Interesse zu bekunden und Updates zu JustCar zu erhalten.<\/p>\n<\/div><\/div><div class=\"w-separator size_small\"><\/div><\/div><\/div><\/div><\/div><\/section><section class=\"l-section wpb_row height_large\"><div class=\"l-section-h i-cf\"><div class=\"g-cols vc_row via_grid cols_1 laptops-cols_inherit tablets-cols_inherit mobiles-cols_1 valign_top type_default stacking_default\"><div class=\"wpb_column vc_column_container\"><div class=\"vc_column-inner\"><div class=\"wpb_text_column\"><div class=\"wpb_wrapper\"><div id=\"quform-fe3cb8\" class=\"quform quform-5 quform-theme-light quform-support-page-caching\"><form id=\"quform-form-fe3cb8\" class=\"quform-form quform-form-5\" action=\"\/de\/wp-json\/wp\/v2\/pages\/2389#quform-fe3cb8\" method=\"post\" enctype=\"multipart\/form-data\" novalidate=\"novalidate\" data-options=\"{&quot;id&quot;:5,&quot;uniqueId&quot;:&quot;fe3cb8&quot;,&quot;theme&quot;:&quot;light&quot;,&quot;ajax&quot;:true,&quot;logic&quot;:{&quot;logic&quot;:{&quot;15&quot;:{&quot;action&quot;:true,&quot;match&quot;:&quot;all&quot;,&quot;rules&quot;:[{&quot;elementId&quot;:&quot;3&quot;,&quot;operator&quot;:&quot;eq&quot;,&quot;optionId&quot;:&quot;4&quot;,&quot;value&quot;:&quot;Ja, aber Einstellungen anpassen&quot;}]}},&quot;dependents&quot;:{&quot;3&quot;:[15]},&quot;elementIds&quot;:[15],&quot;dependentElementIds&quot;:[&quot;3&quot;],&quot;animate&quot;:true},&quot;currentPageId&quot;:1,&quot;errorsIcon&quot;:&quot;&quot;,&quot;updateFancybox&quot;:true,&quot;hasPages&quot;:false,&quot;pages&quot;:[1],&quot;pageProgressType&quot;:&quot;&quot;,&quot;tooltipsEnabled&quot;:true,&quot;tooltipClasses&quot;:&quot;qtip-quform-dark qtip-shadow&quot;,&quot;tooltipMy&quot;:&quot;left center&quot;,&quot;tooltipAt&quot;:&quot;right center&quot;,&quot;isRtl&quot;:false,&quot;scrollOffset&quot;:-50,&quot;scrollSpeed&quot;:800}\"><button class=\"quform-default-submit\" name=\"quform_submit\" type=\"submit\" value=\"submit\" aria-hidden=\"true\" tabindex=\"-1\"><\/button><div class=\"quform-form-inner quform-form-inner-5\"><input type=\"hidden\" name=\"quform_form_id\" value=\"5\" \/><input type=\"hidden\" name=\"quform_form_uid\" value=\"fe3cb8\" \/><input type=\"hidden\" name=\"quform_count\" value=\"1\" \/><input type=\"hidden\" name=\"form_url\" value=\"https:\/\/justcar.me\/de\/wp-json\/wp\/v2\/pages\/2389\" \/><input type=\"hidden\" name=\"referring_url\" value=\"\" \/><input type=\"hidden\" name=\"post_id\" value=\"\" \/><input type=\"hidden\" name=\"post_title\" value=\"\" \/><input type=\"hidden\" name=\"quform_current_page_id\" value=\"1\" \/><input type=\"hidden\" name=\"quform_csrf_token\" value=\"cxdrixX0qzNAM0eFV3wEdTJtJhZRoa8CPKCXZ4R1\" \/><div class=\"quform-elements quform-elements-5 quform-cf quform-responsive-elements-phone-landscape\"><div class=\"quform-element quform-element-page quform-page-1 quform-page-5_1 quform-cf quform-group-style-plain quform-first-page quform-last-page quform-current-page\"><div class=\"quform-child-elements\"><div class=\"quform-element quform-element-row quform-element-row-5_18 quform-2-columns quform-element-row-size-fixed quform-responsive-columns-phone-landscape\"><div class=\"quform-element quform-element-column quform-element-5_19\"><div class=\"quform-element quform-element-text quform-element-5_17 quform-cf quform-labels-inside quform-element-required\"><div class=\"quform-spacer\"><div class=\"quform-label quform-label-5_17\"><label class=\"quform-label-text\" for=\"quform_5_17_fe3cb8\">Name<span class=\"quform-required\">*<\/span><\/label><\/div><div class=\"quform-inner quform-inner-text quform-inner-5_17 quform-field-size-fat\"><div class=\"quform-input quform-input-text quform-input-5_17 quform-cf\"><input type=\"text\" id=\"quform_5_17_fe3cb8\" name=\"quform_5_17\" class=\"quform-field quform-field-text quform-field-5_17\" \/><\/div><\/div><\/div><\/div><\/div><div class=\"quform-element quform-element-column quform-element-5_20\"><div class=\"quform-element quform-element-text quform-element-5_22 quform-cf quform-labels-inside quform-element-required\"><div class=\"quform-spacer\"><div class=\"quform-label quform-label-5_22\"><label class=\"quform-label-text\" for=\"quform_5_22_fe3cb8\">Handy Nr.<span class=\"quform-required\">*<\/span><\/label><\/div><div class=\"quform-inner quform-inner-text quform-inner-5_22 quform-field-size-fat\"><div class=\"quform-input quform-input-text quform-input-5_22 quform-cf\"><input type=\"text\" id=\"quform_5_22_fe3cb8\" name=\"quform_5_22\" class=\"quform-field quform-field-text quform-field-5_22\" \/><\/div><\/div><\/div><\/div><\/div><\/div><div class=\"quform-element quform-element-email quform-element-5_14 quform-cf quform-labels-inside quform-element-required\"><div class=\"quform-spacer\"><div class=\"quform-label quform-label-5_14\"><label class=\"quform-label-text\" for=\"quform_5_14_fe3cb8\">Email-Adresse<span class=\"quform-required\">*<\/span><\/label><\/div><div class=\"quform-inner quform-inner-email quform-inner-5_14 quform-field-size-fat\"><div class=\"quform-input quform-input-email quform-input-5_14 quform-cf\"><input type=\"email\" id=\"quform_5_14_fe3cb8\" name=\"quform_5_14\" class=\"quform-field quform-field-email quform-field-5_14\" \/><\/div><\/div><\/div><\/div><div class=\"quform-element quform-element-group quform-element-5_15 quform-cf quform-group-style-plain\"><div class=\"quform-spacer\"><div class=\"quform-child-elements\"><div class=\"quform-element quform-element-row quform-element-row-5_9 quform-2-columns quform-element-row-size-fixed quform-responsive-columns-phone-portrait\"><div class=\"quform-element quform-element-column quform-element-5_10\"><div class=\"quform-element quform-element-checkbox quform-element-5_7 quform-cf quform-element-optional\"><div class=\"quform-spacer\"><div class=\"quform-label quform-label-5_7\"><span class=\"quform-label-icon\"><i class=\"fa fa-gears\"><\/i><\/span><label class=\"quform-label-text\" id=\"quform_5_7_fe3cb8_label\">Einstellungen anpassen<\/label><\/div><div class=\"quform-inner quform-inner-checkbox quform-inner-5_7\"><div class=\"quform-input quform-input-checkbox quform-input-5_7 quform-cf\"><div class=\"quform-options quform-cf quform-options-block quform-options-style-input-hidden\" role=\"group\" aria-labelledby=\"quform_5_7_fe3cb8_label\"><div class=\"quform-option\"><input type=\"checkbox\" name=\"quform_5_7[]\" id=\"quform_5_7_fe3cb8_1\" class=\"quform-field quform-field-checkbox quform-field-5_7 quform-field-5_7_1\" value=\"Allgemeine Nachrichten\" checked \/><label for=\"quform_5_7_fe3cb8_1\" class=\"quform-option-label quform-option-label-5_7_1\"><span class=\"quform-option-icon\"><i class=\"fa fa-square-o\"><\/i><\/span><span class=\"quform-option-icon-selected\"><i class=\"fa fa-check\"><\/i><\/span><span class=\"quform-option-text\">Allgemeine Nachrichten<\/span><\/label><\/div><div class=\"quform-option\"><input type=\"checkbox\" name=\"quform_5_7[]\" id=\"quform_5_7_fe3cb8_2\" class=\"quform-field quform-field-checkbox quform-field-5_7 quform-field-5_7_2\" value=\"Werbeaktionen\" checked \/><label for=\"quform_5_7_fe3cb8_2\" class=\"quform-option-label quform-option-label-5_7_2\"><span class=\"quform-option-icon\"><i class=\"fa fa-square-o\"><\/i><\/span><span class=\"quform-option-icon-selected\"><i class=\"fa fa-check\"><\/i><\/span><span class=\"quform-option-text\">Werbeaktionen<\/span><\/label><\/div><div class=\"quform-option\"><input type=\"checkbox\" name=\"quform_5_7[]\" id=\"quform_5_7_fe3cb8_3\" class=\"quform-field quform-field-checkbox quform-field-5_7 quform-field-5_7_3\" value=\"Produkt-Updates\" \/><label for=\"quform_5_7_fe3cb8_3\" class=\"quform-option-label quform-option-label-5_7_3\"><span class=\"quform-option-icon\"><i class=\"fa fa-square-o\"><\/i><\/span><span class=\"quform-option-icon-selected\"><i class=\"fa fa-check\"><\/i><\/span><span class=\"quform-option-text\">Produkt-Updates<\/span><\/label><\/div><div class=\"quform-option\"><input type=\"checkbox\" name=\"quform_5_7[]\" id=\"quform_5_7_fe3cb8_4\" class=\"quform-field quform-field-checkbox quform-field-5_7 quform-field-5_7_4\" value=\"Neue Produkteinf\u00fchrungen\" \/><label for=\"quform_5_7_fe3cb8_4\" class=\"quform-option-label quform-option-label-5_7_4\"><span class=\"quform-option-icon\"><i class=\"fa fa-square-o\"><\/i><\/span><span class=\"quform-option-icon-selected\"><i class=\"fa fa-check\"><\/i><\/span><span class=\"quform-option-text\">Neue Produkteinf\u00fchrungen<\/span><\/label><\/div><\/div><\/div><\/div><\/div><\/div><\/div><div class=\"quform-element quform-element-column quform-element-5_11\"><div class=\"quform-element quform-element-radio quform-element-5_13 quform-cf quform-element-optional\"><div class=\"quform-spacer\"><div class=\"quform-label quform-label-5_13\"><span class=\"quform-label-icon\"><i class=\"fa fa-bell-o\"><\/i><\/span><label class=\"quform-label-text\" id=\"quform_5_13_fe3cb8_label\">H\u00e4ufigkeit<\/label><\/div><div class=\"quform-inner quform-inner-radio quform-inner-5_13\"><div class=\"quform-input quform-input-radio quform-input-5_13 quform-cf\"><div class=\"quform-options quform-cf quform-options-block quform-options-style-input-hidden\" role=\"radiogroup\" aria-labelledby=\"quform_5_13_fe3cb8_label\"><div class=\"quform-option\"><input type=\"radio\" name=\"quform_5_13\" id=\"quform_5_13_fe3cb8_1\" class=\"quform-field quform-field-radio quform-field-5_13 quform-field-5_13_1\" value=\"T\u00e4glich\" checked \/><label for=\"quform_5_13_fe3cb8_1\" class=\"quform-option-label quform-option-label-5_13_1\"><span class=\"quform-option-icon\"><i class=\"fa fa-square-o\"><\/i><\/span><span class=\"quform-option-icon-selected\"><i class=\"fa fa-check\"><\/i><\/span><span class=\"quform-option-text\">T\u00e4glich<\/span><\/label><\/div><div class=\"quform-option\"><input type=\"radio\" name=\"quform_5_13\" id=\"quform_5_13_fe3cb8_4\" class=\"quform-field quform-field-radio quform-field-5_13 quform-field-5_13_4\" value=\"W\u00f6chentlich\" \/><label for=\"quform_5_13_fe3cb8_4\" class=\"quform-option-label quform-option-label-5_13_4\"><span class=\"quform-option-icon\"><i class=\"fa fa-square-o\"><\/i><\/span><span class=\"quform-option-icon-selected\"><i class=\"fa fa-check\"><\/i><\/span><span class=\"quform-option-text\">W\u00f6chentlich<\/span><\/label><\/div><div class=\"quform-option\"><input type=\"radio\" name=\"quform_5_13\" id=\"quform_5_13_fe3cb8_5\" class=\"quform-field quform-field-radio quform-field-5_13 quform-field-5_13_5\" value=\"Montalich\" \/><label for=\"quform_5_13_fe3cb8_5\" class=\"quform-option-label quform-option-label-5_13_5\"><span class=\"quform-option-icon\"><i class=\"fa fa-square-o\"><\/i><\/span><span class=\"quform-option-icon-selected\"><i class=\"fa fa-check\"><\/i><\/span><span class=\"quform-option-text\">Montalich<\/span><\/label><\/div><div class=\"quform-option\"><input type=\"radio\" name=\"quform_5_13\" id=\"quform_5_13_fe3cb8_6\" class=\"quform-field quform-field-radio quform-field-5_13 quform-field-5_13_6\" value=\"J\u00e4hrlich\" \/><label for=\"quform_5_13_fe3cb8_6\" class=\"quform-option-label quform-option-label-5_13_6\"><span class=\"quform-option-icon\"><i class=\"fa fa-square-o\"><\/i><\/span><span class=\"quform-option-icon-selected\"><i class=\"fa fa-check\"><\/i><\/span><span class=\"quform-option-text\">J\u00e4hrlich<\/span><\/label><\/div><\/div><\/div><\/div><\/div><\/div><\/div><\/div><\/div><\/div><\/div><div class=\"quform-element quform-element-radio quform-element-5_3 quform-cf quform-element-required\"><div class=\"quform-spacer\"><div class=\"quform-label quform-label-5_3\"><label class=\"quform-label-text\" id=\"quform_5_3_fe3cb8_label\">Wenn es in Ordnung ist, speichern wir Ihre E-Mail-Adresse, um Ihnen von Zeit zu Zeit Neuigkeiten und Werbeaktionen zuzusenden?<span class=\"quform-required\">*<\/span><\/label><\/div><div class=\"quform-inner quform-inner-radio quform-inner-5_3\"><div class=\"quform-input quform-input-radio quform-input-5_3 quform-cf\"><div class=\"quform-options quform-cf quform-options-inline quform-options-style-input-hidden\" role=\"radiogroup\" aria-labelledby=\"quform_5_3_fe3cb8_label\"><div class=\"quform-option\"><input type=\"radio\" name=\"quform_5_3\" id=\"quform_5_3_fe3cb8_1\" class=\"quform-field quform-field-radio quform-field-5_3 quform-field-5_3_1\" value=\"Ja, ich stimme zu\" \/><label for=\"quform_5_3_fe3cb8_1\" class=\"quform-option-label quform-option-label-5_3_1\"><span class=\"quform-option-icon\"><i class=\"fa fa-square-o\"><\/i><\/span><span class=\"quform-option-icon-selected\"><i class=\"fa fa-check\"><\/i><\/span><span class=\"quform-option-text\">Ja, ich stimme zu<\/span><\/label><\/div><div class=\"quform-option\"><input type=\"radio\" name=\"quform_5_3\" id=\"quform_5_3_fe3cb8_4\" class=\"quform-field quform-field-radio quform-field-5_3 quform-field-5_3_4\" value=\"Ja, aber Einstellungen anpassen\" \/><label for=\"quform_5_3_fe3cb8_4\" class=\"quform-option-label quform-option-label-5_3_4\"><span class=\"quform-option-icon\"><i class=\"fa fa-square-o\"><\/i><\/span><span class=\"quform-option-icon-selected\"><i class=\"fa fa-check\"><\/i><\/span><span class=\"quform-option-text\">Ja, aber Einstellungen anpassen<\/span><\/label><\/div><\/div><\/div><p class=\"quform-description quform-description-below\">If you'd like to be removed at any time, please <a class=\"subtle-link\" href=\"\/contact\">contact us<\/a> or use the unsubscribe button on our emails. Find the privacy policies and other information in <a class=\"subtle-link\" href=\"\/privacy-policy\">our terms and conditions<\/a>.<\/p><\/div><\/div><\/div><div class=\"quform-element quform-element-submit quform-element-5_2 quform-cf quform-button-style-theme\"><div class=\"quform-button-submit quform-button-submit-default quform-button-submit-5_2\"><button name=\"quform_submit\" type=\"submit\" class=\"quform-submit\" value=\"submit\"><span class=\"quform-button-text quform-button-submit-text\">Anmelden<\/span><\/button><\/div><div class=\"quform-loading quform-loading-position-left quform-loading-type-spinner-1\"><div class=\"quform-loading-inner\"><div class=\"quform-loading-spinner\"><div class=\"quform-loading-spinner-inner\"><\/div><\/div><\/div><\/div><\/div><div class=\"quform-element-tree\"><label for=\"quform_5_0_fe3cb8\">This field should be left blank<\/label><input type=\"text\" id=\"quform_5_0_fe3cb8\" name=\"quform_5_0\" class=\"quform-field quform-field-tree quform-field-5_0\" tabindex=\"-1\" autocomplete=\"off\" \/><\/div><\/div><\/div><\/div><\/div><\/form><\/div>\n<\/div><\/div><\/div><\/div><\/div><\/div><\/section>\n","protected":false},"excerpt":{"rendered":"Beta-Anmeldung Melden Sie sich jetzt kostenlos an und geh\u00f6ren Sie zu den Ersten, die dabei sind. Erhalten Sie als Erster Zugang. Geben Sie unten Ihre E-Mail-Adresse ein, um Ihr Interesse zu bekunden und Updates zu JustCar zu erhalten. Name*Handy Nr.*Email-Adresse*Einstellungen anpassenAllgemeine NachrichtenWerbeaktionenProdukt-UpdatesNeue Produkteinf\u00fchrungenH\u00e4ufigkeitT\u00e4glichW\u00f6chentlichMontalichJ\u00e4hrlichWenn es in Ordnung ist, speichern wir Ihre E-Mail-Adresse, um Ihnen von Zeit...","protected":false},"author":1,"featured_media":0,"parent":0,"menu_order":0,"comment_status":"closed","ping_status":"closed","template":"","meta":{"footnotes":""},"class_list":["post-2389","page","type-page","status-publish","hentry"],"yoast_head":"<!-- This site is optimized with the Yoast SEO plugin v23.4 - https:\/\/yoast.com\/wordpress\/plugins\/seo\/ -->\n<title>Beta-Anmeldung - Justcar.me<\/title>\n<meta name=\"robots\" content=\"index, follow, max-snippet:-1, max-image-preview:large, max-video-preview:-1\" \/>\n<link rel=\"canonical\" href=\"https:\/\/justcar.me\/de\/beta-anmeldung\/\" \/>\n<meta property=\"og:locale\" content=\"de_DE\" \/>\n<meta property=\"og:type\" content=\"article\" \/>\n<meta property=\"og:title\" content=\"Beta-Anmeldung - Justcar.me\" \/>\n<meta property=\"og:url\" content=\"https:\/\/justcar.me\/de\/beta-anmeldung\/\" \/>\n<meta property=\"og:site_name\" content=\"Justcar.me\" \/>\n<meta property=\"article:modified_time\" content=\"2024-05-11T20:37:56+00:00\" \/>\n<meta name=\"twitter:card\" content=\"summary_large_image\" \/>\n<meta name=\"twitter:label1\" content=\"Gesch\u00e4tzte Lesezeit\" \/>\n\t<meta name=\"twitter:data1\" content=\"1\u00a0Minute\" \/>\n<script type=\"application\/ld+json\" class=\"yoast-schema-graph\">{\"@context\":\"https:\/\/schema.org\",\"@graph\":[{\"@type\":\"WebPage\",\"@id\":\"https:\/\/justcar.me\/de\/beta-anmeldung\/\",\"url\":\"https:\/\/justcar.me\/de\/beta-anmeldung\/\",\"name\":\"Beta-Anmeldung - Justcar.me\",\"isPartOf\":{\"@id\":\"https:\/\/justcar.me\/#website\"},\"datePublished\":\"2023-04-11T21:01:59+00:00\",\"dateModified\":\"2024-05-11T20:37:56+00:00\",\"breadcrumb\":{\"@id\":\"https:\/\/justcar.me\/de\/beta-anmeldung\/#breadcrumb\"},\"inLanguage\":\"de\",\"potentialAction\":[{\"@type\":\"ReadAction\",\"target\":[\"https:\/\/justcar.me\/de\/beta-anmeldung\/\"]}]},{\"@type\":\"BreadcrumbList\",\"@id\":\"https:\/\/justcar.me\/de\/beta-anmeldung\/#breadcrumb\",\"itemListElement\":[{\"@type\":\"ListItem\",\"position\":1,\"name\":\"Home\",\"item\":\"https:\/\/justcar.me\/de\/\"},{\"@type\":\"ListItem\",\"position\":2,\"name\":\"Beta-Anmeldung\"}]},{\"@type\":\"WebSite\",\"@id\":\"https:\/\/justcar.me\/#website\",\"url\":\"https:\/\/justcar.me\/\",\"name\":\"Justcar.me\",\"description\":\"Just another WordPress site\",\"publisher\":{\"@id\":\"https:\/\/justcar.me\/#organization\"},\"potentialAction\":[{\"@type\":\"SearchAction\",\"target\":{\"@type\":\"EntryPoint\",\"urlTemplate\":\"https:\/\/justcar.me\/?s={search_term_string}\"},\"query-input\":{\"@type\":\"PropertyValueSpecification\",\"valueRequired\":true,\"valueName\":\"search_term_string\"}}],\"inLanguage\":\"de\"},{\"@type\":\"Organization\",\"@id\":\"https:\/\/justcar.me\/#organization\",\"name\":\"Justcar.me - The Car-Dealer Website\",\"url\":\"https:\/\/justcar.me\/\",\"logo\":{\"@type\":\"ImageObject\",\"inLanguage\":\"de\",\"@id\":\"https:\/\/justcar.me\/#\/schema\/logo\/image\/\",\"url\":\"https:\/\/justcar.me\/wp-content\/uploads\/2023\/03\/logo.png\",\"contentUrl\":\"https:\/\/justcar.me\/wp-content\/uploads\/2023\/03\/logo.png\",\"width\":12713,\"height\":5316,\"caption\":\"Justcar.me - The Car-Dealer Website\"},\"image\":{\"@id\":\"https:\/\/justcar.me\/#\/schema\/logo\/image\/\"}}]}<\/script>\n<!-- \/ Yoast SEO plugin. -->","yoast_head_json":{"title":"Beta-Anmeldung - Justcar.me","robots":{"index":"index","follow":"follow","max-snippet":"max-snippet:-1","max-image-preview":"max-image-preview:large","max-video-preview":"max-video-preview:-1"},"canonical":"https:\/\/justcar.me\/de\/beta-anmeldung\/","og_locale":"de_DE","og_type":"article","og_title":"Beta-Anmeldung - Justcar.me","og_url":"https:\/\/justcar.me\/de\/beta-anmeldung\/","og_site_name":"Justcar.me","article_modified_time":"2024-05-11T20:37:56+00:00","twitter_card":"summary_large_image","twitter_misc":{"Gesch\u00e4tzte Lesezeit":"1\u00a0Minute"},"schema":{"@context":"https:\/\/schema.org","@graph":[{"@type":"WebPage","@id":"https:\/\/justcar.me\/de\/beta-anmeldung\/","url":"https:\/\/justcar.me\/de\/beta-anmeldung\/","name":"Beta-Anmeldung - Justcar.me","isPartOf":{"@id":"https:\/\/justcar.me\/#website"},"datePublished":"2023-04-11T21:01:59+00:00","dateModified":"2024-05-11T20:37:56+00:00","breadcrumb":{"@id":"https:\/\/justcar.me\/de\/beta-anmeldung\/#breadcrumb"},"inLanguage":"de","potentialAction":[{"@type":"ReadAction","target":["https:\/\/justcar.me\/de\/beta-anmeldung\/"]}]},{"@type":"BreadcrumbList","@id":"https:\/\/justcar.me\/de\/beta-anmeldung\/#breadcrumb","itemListElement":[{"@type":"ListItem","position":1,"name":"Home","item":"https:\/\/justcar.me\/de\/"},{"@type":"ListItem","position":2,"name":"Beta-Anmeldung"}]},{"@type":"WebSite","@id":"https:\/\/justcar.me\/#website","url":"https:\/\/justcar.me\/","name":"Justcar.me","description":"Just another WordPress site","publisher":{"@id":"https:\/\/justcar.me\/#organization"},"potentialAction":[{"@type":"SearchAction","target":{"@type":"EntryPoint","urlTemplate":"https:\/\/justcar.me\/?s={search_term_string}"},"query-input":{"@type":"PropertyValueSpecification","valueRequired":true,"valueName":"search_term_string"}}],"inLanguage":"de"},{"@type":"Organization","@id":"https:\/\/justcar.me\/#organization","name":"Justcar.me - The Car-Dealer Website","url":"https:\/\/justcar.me\/","logo":{"@type":"ImageObject","inLanguage":"de","@id":"https:\/\/justcar.me\/#\/schema\/logo\/image\/","url":"https:\/\/justcar.me\/wp-content\/uploads\/2023\/03\/logo.png","contentUrl":"https:\/\/justcar.me\/wp-content\/uploads\/2023\/03\/logo.png","width":12713,"height":5316,"caption":"Justcar.me - The Car-Dealer Website"},"image":{"@id":"https:\/\/justcar.me\/#\/schema\/logo\/image\/"}}]}},"jetpack_sharing_enabled":true,"_links":{"self":[{"href":"https:\/\/justcar.me\/de\/wp-json\/wp\/v2\/pages\/2389","targetHints":{"allow":["GET"]}}],"collection":[{"href":"https:\/\/justcar.me\/de\/wp-json\/wp\/v2\/pages"}],"about":[{"href":"https:\/\/justcar.me\/de\/wp-json\/wp\/v2\/types\/page"}],"author":[{"embeddable":true,"href":"https:\/\/justcar.me\/de\/wp-json\/wp\/v2\/users\/1"}],"replies":[{"embeddable":true,"href":"https:\/\/justcar.me\/de\/wp-json\/wp\/v2\/comments?post=2389"}],"version-history":[{"count":3,"href":"https:\/\/justcar.me\/de\/wp-json\/wp\/v2\/pages\/2389\/revisions"}],"predecessor-version":[{"id":2415,"href":"https:\/\/justcar.me\/de\/wp-json\/wp\/v2\/pages\/2389\/revisions\/2415"}],"wp:attachment":[{"href":"https:\/\/justcar.me\/de\/wp-json\/wp\/v2\/media?parent=2389"}],"curies":[{"name":"wp","href":"https:\/\/api.w.org\/{rel}","templated":true}]}}