{"id":2392,"date":"2021-11-15T15:03:34","date_gmt":"2021-11-15T15:03:34","guid":{"rendered":"https:\/\/justcar.me\/?page_id=2392"},"modified":"2024-05-11T20:38:02","modified_gmt":"2024-05-11T20:38:02","slug":"kontakt","status":"publish","type":"page","link":"https:\/\/justcar.me\/de\/kontakt\/","title":{"rendered":"Kontakt"},"content":{"rendered":"<section class=\"l-section wpb_row height_huge color_secondary with_img parallax_ver\"><div class=\"l-section-img\" role=\"img\" data-img-width=\"1000\" data-img-height=\"667\" style=\"background-image: url(https:\/\/justcar.me\/wp-content\/uploads\/2023\/03\/car-dashboard-and-wheel-close-up.jpg);\"><\/div><div class=\"l-section-overlay\" style=\"background:linear-gradient(90deg,#000,rgba(0,0,0,0.00))\"><\/div><div class=\"l-section-h i-cf\"><div class=\"g-cols vc_row via_grid cols_1 laptops-cols_inherit tablets-cols_1 mobiles-cols_1 valign_top type_default reversed stacking_default\" style=\"--gap:0rem;\"><div class=\"wpb_column vc_column_container us_custom_fd43344c\"><div class=\"vc_column-inner\"><h1 class=\"w-text us_custom_842faaf7\"><span class=\"w-text-h\"><span class=\"w-text-value\">Kontakt<\/span><\/span><\/h1><\/div><\/div><\/div><\/div><\/section><section class=\"l-section wpb_row height_large\"><div class=\"l-section-h i-cf\"><div class=\"g-cols vc_row via_grid cols_1 laptops-cols_inherit tablets-cols_inherit mobiles-cols_1 valign_top type_default stacking_default\"><div class=\"wpb_column vc_column_container\"><div class=\"vc_column-inner\"><div class=\"wpb_text_column\"><div class=\"wpb_wrapper\"><div id=\"quform-c3cc31\" class=\"quform quform-7 quform-support-page-caching\"><form id=\"quform-form-c3cc31\" class=\"quform-form quform-form-7\" action=\"\/de\/wp-json\/wp\/v2\/pages\/2392#quform-c3cc31\" method=\"post\" enctype=\"multipart\/form-data\" novalidate=\"novalidate\" data-options=\"{&quot;id&quot;:7,&quot;uniqueId&quot;:&quot;c3cc31&quot;,&quot;theme&quot;:&quot;&quot;,&quot;ajax&quot;:true,&quot;logic&quot;:{&quot;logic&quot;:[],&quot;dependents&quot;:[],&quot;elementIds&quot;:[],&quot;dependentElementIds&quot;:[],&quot;animate&quot;:true},&quot;currentPageId&quot;:1,&quot;errorsIcon&quot;:&quot;&quot;,&quot;updateFancybox&quot;:true,&quot;hasPages&quot;:false,&quot;pages&quot;:[1],&quot;pageProgressType&quot;:&quot;numbers&quot;,&quot;tooltipsEnabled&quot;:true,&quot;tooltipClasses&quot;:&quot;qtip-quform-dark qtip-shadow&quot;,&quot;tooltipMy&quot;:&quot;left center&quot;,&quot;tooltipAt&quot;:&quot;right center&quot;,&quot;isRtl&quot;:false,&quot;scrollOffset&quot;:-50,&quot;scrollSpeed&quot;:800}\"><button class=\"quform-default-submit\" name=\"quform_submit\" type=\"submit\" value=\"submit\" aria-hidden=\"true\" tabindex=\"-1\"><\/button><div class=\"quform-form-inner quform-form-inner-7\"><input type=\"hidden\" name=\"quform_form_id\" value=\"7\" \/><input type=\"hidden\" name=\"quform_form_uid\" value=\"c3cc31\" \/><input type=\"hidden\" name=\"quform_count\" value=\"1\" \/><input type=\"hidden\" name=\"form_url\" value=\"https:\/\/justcar.me\/de\/wp-json\/wp\/v2\/pages\/2392\" \/><input type=\"hidden\" name=\"referring_url\" value=\"\" \/><input type=\"hidden\" name=\"post_id\" value=\"\" \/><input type=\"hidden\" name=\"post_title\" value=\"\" \/><input type=\"hidden\" name=\"quform_current_page_id\" value=\"1\" \/><input type=\"hidden\" name=\"quform_csrf_token\" value=\"V9MrVh2Bq4WybAiVRpZOt2TeuVg04NXKNInrt3FF\" \/><div class=\"quform-elements quform-elements-7 quform-cf quform-responsive-elements-phone-landscape\"><div class=\"quform-element quform-element-page quform-page-1 quform-page-7_1 quform-cf quform-group-style-plain quform-first-page quform-last-page quform-current-page\"><div class=\"quform-child-elements\"><div class=\"quform-element quform-element-radio quform-element-7_3 quform-cf quform-element-required\"><div class=\"quform-spacer\"><div class=\"quform-label quform-label-7_3\"><label class=\"quform-label-text\" id=\"quform_7_3_c3cc31_label\">Wie k\u00f6nnen wir Ihnen helfen? <span class=\"quform-required\">*<\/span><\/label><\/div><div class=\"quform-inner quform-inner-radio quform-inner-7_3\"><div class=\"quform-input quform-input-radio quform-input-7_3 quform-cf\"><div class=\"quform-options quform-cf quform-options-block\" role=\"radiogroup\" aria-labelledby=\"quform_7_3_c3cc31_label\"><div class=\"quform-option\"><input type=\"radio\" name=\"quform_7_3\" id=\"quform_7_3_c3cc31_1\" class=\"quform-field quform-field-radio quform-field-7_3 quform-field-7_3_1\" value=\"Ich m\u00f6chte ein Problem melden\" \/><label for=\"quform_7_3_c3cc31_1\" class=\"quform-option-label quform-option-label-7_3_1\"><span class=\"quform-option-icon\"><i class=\"fa fa-square-o\"><\/i><\/span><span class=\"quform-option-icon-selected\"><i class=\"fa fa-check\"><\/i><\/span><span class=\"quform-option-text\">Ich m\u00f6chte ein Problem melden<\/span><\/label><\/div><div class=\"quform-option\"><input type=\"radio\" name=\"quform_7_3\" id=\"quform_7_3_c3cc31_2\" class=\"quform-field quform-field-radio quform-field-7_3 quform-field-7_3_2\" value=\"Ich m\u00f6chte eine pers\u00f6nliche Frage stellen\" \/><label for=\"quform_7_3_c3cc31_2\" class=\"quform-option-label quform-option-label-7_3_2\"><span class=\"quform-option-icon\"><i class=\"fa fa-square-o\"><\/i><\/span><span class=\"quform-option-icon-selected\"><i class=\"fa fa-check\"><\/i><\/span><span class=\"quform-option-text\">Ich m\u00f6chte eine pers\u00f6nliche Frage stellen<\/span><\/label><\/div><div class=\"quform-option\"><input type=\"radio\" name=\"quform_7_3\" id=\"quform_7_3_c3cc31_3\" class=\"quform-field quform-field-radio quform-field-7_3 quform-field-7_3_3\" value=\"Ich wurde gesperrt\" \/><label for=\"quform_7_3_c3cc31_3\" class=\"quform-option-label quform-option-label-7_3_3\"><span class=\"quform-option-icon\"><i class=\"fa fa-square-o\"><\/i><\/span><span class=\"quform-option-icon-selected\"><i class=\"fa fa-check\"><\/i><\/span><span class=\"quform-option-text\">Ich wurde gesperrt<\/span><\/label><\/div><div class=\"quform-option\"><input type=\"radio\" name=\"quform_7_3\" id=\"quform_7_3_c3cc31_8\" class=\"quform-field quform-field-radio quform-field-7_3 quform-field-7_3_8\" value=\"Ich interessiere mich f\u00fcr Werbung\" \/><label for=\"quform_7_3_c3cc31_8\" class=\"quform-option-label quform-option-label-7_3_8\"><span class=\"quform-option-icon\"><i class=\"fa fa-square-o\"><\/i><\/span><span class=\"quform-option-icon-selected\"><i class=\"fa fa-check\"><\/i><\/span><span class=\"quform-option-text\">Ich interessiere mich f\u00fcr Werbung<\/span><\/label><\/div><div class=\"quform-option\"><input type=\"radio\" name=\"quform_7_3\" id=\"quform_7_3_c3cc31_7\" class=\"quform-field quform-field-radio quform-field-7_3 quform-field-7_3_7\" value=\"Ich m\u00f6chte ein Sicherheitsproblem melden\" \/><label for=\"quform_7_3_c3cc31_7\" class=\"quform-option-label quform-option-label-7_3_7\"><span class=\"quform-option-icon\"><i class=\"fa fa-square-o\"><\/i><\/span><span class=\"quform-option-icon-selected\"><i class=\"fa fa-check\"><\/i><\/span><span class=\"quform-option-text\">Ich m\u00f6chte ein Sicherheitsproblem melden<\/span><\/label><\/div><div class=\"quform-option\"><input type=\"radio\" name=\"quform_7_3\" id=\"quform_7_3_c3cc31_6\" class=\"quform-field quform-field-radio quform-field-7_3 quform-field-7_3_6\" value=\"Partnerschaft\" \/><label for=\"quform_7_3_c3cc31_6\" class=\"quform-option-label quform-option-label-7_3_6\"><span class=\"quform-option-icon\"><i class=\"fa fa-square-o\"><\/i><\/span><span class=\"quform-option-icon-selected\"><i class=\"fa fa-check\"><\/i><\/span><span class=\"quform-option-text\">Partnerschaft<\/span><\/label><\/div><div class=\"quform-option\"><input type=\"radio\" name=\"quform_7_3\" id=\"quform_7_3_c3cc31_5\" class=\"quform-field quform-field-radio quform-field-7_3 quform-field-7_3_5\" value=\"Ich bin bereits Kunde, habe aber Probleme mit dem System\" \/><label for=\"quform_7_3_c3cc31_5\" class=\"quform-option-label quform-option-label-7_3_5\"><span class=\"quform-option-icon\"><i class=\"fa fa-square-o\"><\/i><\/span><span class=\"quform-option-icon-selected\"><i class=\"fa fa-check\"><\/i><\/span><span class=\"quform-option-text\">Ich bin bereits Kunde, habe aber Probleme mit dem System<\/span><\/label><\/div><div class=\"quform-option\"><input type=\"radio\" name=\"quform_7_3\" id=\"quform_7_3_c3cc31_9\" class=\"quform-field quform-field-radio quform-field-7_3 quform-field-7_3_9\" value=\"Cookies, Datenschutz, rechtliche Hinweise\" \/><label for=\"quform_7_3_c3cc31_9\" class=\"quform-option-label quform-option-label-7_3_9\"><span class=\"quform-option-icon\"><i class=\"fa fa-square-o\"><\/i><\/span><span class=\"quform-option-icon-selected\"><i class=\"fa fa-check\"><\/i><\/span><span class=\"quform-option-text\">Cookies, Datenschutz, rechtliche Hinweise<\/span><\/label><\/div><div class=\"quform-option\"><input type=\"radio\" name=\"quform_7_3\" id=\"quform_7_3_c3cc31_4\" class=\"quform-field quform-field-radio quform-field-7_3 quform-field-7_3_4\" value=\"Sonstiges\" \/><label for=\"quform_7_3_c3cc31_4\" class=\"quform-option-label quform-option-label-7_3_4\"><span class=\"quform-option-icon\"><i class=\"fa fa-square-o\"><\/i><\/span><span class=\"quform-option-icon-selected\"><i class=\"fa fa-check\"><\/i><\/span><span class=\"quform-option-text\">Sonstiges<\/span><\/label><\/div><\/div><\/div><\/div><\/div><\/div><div class=\"quform-element quform-element-text quform-element-7_4 quform-cf quform-element-required\"><div class=\"quform-spacer\"><div class=\"quform-label quform-label-7_4\"><label class=\"quform-label-text\" for=\"quform_7_4_c3cc31\">Ihr Name<span class=\"quform-required\">*<\/span><\/label><\/div><div class=\"quform-inner quform-inner-text quform-inner-7_4\"><div class=\"quform-input quform-input-text quform-input-7_4 quform-cf\"><input type=\"text\" id=\"quform_7_4_c3cc31\" name=\"quform_7_4\" class=\"quform-field quform-field-text quform-field-7_4\" \/><\/div><\/div><\/div><\/div><div class=\"quform-element quform-element-email quform-element-7_5 quform-cf quform-element-required\"><div class=\"quform-spacer\"><div class=\"quform-label quform-label-7_5\"><label class=\"quform-label-text\" for=\"quform_7_5_c3cc31\">Ihre Email Adresse<span class=\"quform-required\">*<\/span><\/label><\/div><div class=\"quform-inner quform-inner-email quform-inner-7_5\"><div class=\"quform-input quform-input-email quform-input-7_5 quform-cf\"><input type=\"email\" id=\"quform_7_5_c3cc31\" name=\"quform_7_5\" class=\"quform-field quform-field-email quform-field-7_5\" \/><\/div><\/div><\/div><\/div><div class=\"quform-element quform-element-text quform-element-7_6 quform-cf quform-element-required\"><div class=\"quform-spacer\"><div class=\"quform-label quform-label-7_6\"><label class=\"quform-label-text\" for=\"quform_7_6_c3cc31\">Wie k\u00f6nnen wir Sie erreichen<span class=\"quform-required\">*<\/span><\/label><\/div><div class=\"quform-inner quform-inner-text quform-inner-7_6\"><div class=\"quform-input quform-input-text quform-input-7_6 quform-cf\"><input type=\"text\" id=\"quform_7_6_c3cc31\" name=\"quform_7_6\" class=\"quform-field quform-field-text quform-field-7_6\" \/><\/div><\/div><\/div><\/div><div class=\"quform-element quform-element-textarea quform-element-7_7 quform-cf quform-element-required\"><div class=\"quform-spacer\"><div class=\"quform-label quform-label-7_7\"><label class=\"quform-label-text\" for=\"quform_7_7_c3cc31\">Ihre Nachricht<span class=\"quform-required\">*<\/span><\/label><\/div><div class=\"quform-inner quform-inner-textarea quform-inner-7_7\"><div class=\"quform-input quform-input-textarea quform-input-7_7 quform-cf\"><textarea id=\"quform_7_7_c3cc31\" name=\"quform_7_7\" class=\"quform-field quform-field-textarea quform-field-7_7\"><\/textarea><\/div><\/div><\/div><\/div><div class=\"quform-element quform-element-checkbox quform-element-7_9 quform-cf quform-element-required\"><div class=\"quform-spacer\"><div class=\"quform-inner quform-inner-checkbox quform-inner-7_9\"><div class=\"quform-input quform-input-checkbox quform-input-7_9 quform-cf\"><div class=\"quform-options quform-cf quform-options-block quform-options-simple\"><div class=\"quform-option\"><input type=\"checkbox\" name=\"quform_7_9[]\" id=\"quform_7_9_c3cc31_1\" class=\"quform-field quform-field-checkbox quform-field-7_9 quform-field-7_9_1\" value=\"Mit der Nutzung dieses Formulars stimmen Sie der Speicherung und Verarbeitung Ihrer Daten gem\u00e4\u00df unserer Datenschutzerkl\u00e4rung zu. Wir geben Ihre pers\u00f6nlichen Daten nicht weiter\" \/><label for=\"quform_7_9_c3cc31_1\" class=\"quform-option-label quform-option-label-7_9_1\"><span class=\"quform-option-text\">Mit der Nutzung dieses Formulars stimmen Sie der Speicherung und Verarbeitung Ihrer Daten gem\u00e4\u00df unserer Datenschutzerkl\u00e4rung zu. Wir geben Ihre pers\u00f6nlichen Daten nicht weiter<\/span><\/label><\/div><\/div><\/div><\/div><\/div><\/div><div class=\"quform-element quform-element-submit quform-element-7_2 quform-cf quform-button-style-theme\"><div class=\"quform-button-submit quform-button-submit-default quform-button-submit-7_2\"><button name=\"quform_submit\" type=\"submit\" class=\"quform-submit\" value=\"submit\"><span class=\"quform-button-text quform-button-submit-text\">Send<\/span><\/button><\/div><div class=\"quform-loading quform-loading-position-left quform-loading-type-spinner-1\"><div class=\"quform-loading-inner\"><div class=\"quform-loading-spinner\"><div class=\"quform-loading-spinner-inner\"><\/div><\/div><\/div><\/div><\/div><div class=\"quform-element-tree\"><label for=\"quform_7_0_c3cc31\">This field should be left blank<\/label><input type=\"text\" id=\"quform_7_0_c3cc31\" name=\"quform_7_0\" class=\"quform-field quform-field-tree quform-field-7_0\" tabindex=\"-1\" autocomplete=\"off\" \/><\/div><\/div><\/div><\/div><\/div><\/form><\/div>\n<\/div><\/div><\/div><\/div><\/div><\/div><\/section>\n","protected":false},"excerpt":{"rendered":"KontaktWie k\u00f6nnen wir Ihnen helfen? *Ich m\u00f6chte ein Problem meldenIch m\u00f6chte eine pers\u00f6nliche Frage stellenIch wurde gesperrtIch interessiere mich f\u00fcr WerbungIch m\u00f6chte ein Sicherheitsproblem meldenPartnerschaftIch bin bereits Kunde, habe aber Probleme mit dem SystemCookies, Datenschutz, rechtliche HinweiseSonstigesIhr Name*Ihre Email Adresse*Wie k\u00f6nnen wir Sie erreichen*Ihre Nachricht*Mit der Nutzung dieses Formulars stimmen Sie der Speicherung und Verarbeitung...","protected":false},"author":1,"featured_media":0,"parent":0,"menu_order":0,"comment_status":"closed","ping_status":"closed","template":"","meta":{"footnotes":""},"class_list":["post-2392","page","type-page","status-publish","hentry"],"yoast_head":"<!-- This site is optimized with the Yoast SEO plugin v23.4 - https:\/\/yoast.com\/wordpress\/plugins\/seo\/ -->\n<title>Kontakt - Justcar.me<\/title>\n<meta name=\"robots\" content=\"index, follow, max-snippet:-1, max-image-preview:large, max-video-preview:-1\" \/>\n<link rel=\"canonical\" href=\"https:\/\/justcar.me\/de\/kontakt\/\" \/>\n<meta property=\"og:locale\" content=\"de_DE\" \/>\n<meta property=\"og:type\" content=\"article\" \/>\n<meta property=\"og:title\" content=\"Kontakt - Justcar.me\" \/>\n<meta property=\"og:url\" content=\"https:\/\/justcar.me\/de\/kontakt\/\" \/>\n<meta property=\"og:site_name\" content=\"Justcar.me\" \/>\n<meta property=\"article:modified_time\" content=\"2024-05-11T20:38:02+00:00\" \/>\n<meta name=\"twitter:card\" content=\"summary_large_image\" \/>\n<meta name=\"twitter:label1\" content=\"Gesch\u00e4tzte Lesezeit\" \/>\n\t<meta name=\"twitter:data1\" content=\"1\u00a0Minute\" \/>\n<script type=\"application\/ld+json\" class=\"yoast-schema-graph\">{\"@context\":\"https:\/\/schema.org\",\"@graph\":[{\"@type\":\"WebPage\",\"@id\":\"https:\/\/justcar.me\/de\/kontakt\/\",\"url\":\"https:\/\/justcar.me\/de\/kontakt\/\",\"name\":\"Kontakt - Justcar.me\",\"isPartOf\":{\"@id\":\"https:\/\/justcar.me\/#website\"},\"datePublished\":\"2021-11-15T15:03:34+00:00\",\"dateModified\":\"2024-05-11T20:38:02+00:00\",\"breadcrumb\":{\"@id\":\"https:\/\/justcar.me\/de\/kontakt\/#breadcrumb\"},\"inLanguage\":\"de\",\"potentialAction\":[{\"@type\":\"ReadAction\",\"target\":[\"https:\/\/justcar.me\/de\/kontakt\/\"]}]},{\"@type\":\"BreadcrumbList\",\"@id\":\"https:\/\/justcar.me\/de\/kontakt\/#breadcrumb\",\"itemListElement\":[{\"@type\":\"ListItem\",\"position\":1,\"name\":\"Home\",\"item\":\"https:\/\/justcar.me\/de\/\"},{\"@type\":\"ListItem\",\"position\":2,\"name\":\"Kontakt\"}]},{\"@type\":\"WebSite\",\"@id\":\"https:\/\/justcar.me\/#website\",\"url\":\"https:\/\/justcar.me\/\",\"name\":\"Justcar.me\",\"description\":\"Just another WordPress site\",\"publisher\":{\"@id\":\"https:\/\/justcar.me\/#organization\"},\"potentialAction\":[{\"@type\":\"SearchAction\",\"target\":{\"@type\":\"EntryPoint\",\"urlTemplate\":\"https:\/\/justcar.me\/?s={search_term_string}\"},\"query-input\":{\"@type\":\"PropertyValueSpecification\",\"valueRequired\":true,\"valueName\":\"search_term_string\"}}],\"inLanguage\":\"de\"},{\"@type\":\"Organization\",\"@id\":\"https:\/\/justcar.me\/#organization\",\"name\":\"Justcar.me - The Car-Dealer Website\",\"url\":\"https:\/\/justcar.me\/\",\"logo\":{\"@type\":\"ImageObject\",\"inLanguage\":\"de\",\"@id\":\"https:\/\/justcar.me\/#\/schema\/logo\/image\/\",\"url\":\"https:\/\/justcar.me\/wp-content\/uploads\/2023\/03\/logo.png\",\"contentUrl\":\"https:\/\/justcar.me\/wp-content\/uploads\/2023\/03\/logo.png\",\"width\":12713,\"height\":5316,\"caption\":\"Justcar.me - The Car-Dealer Website\"},\"image\":{\"@id\":\"https:\/\/justcar.me\/#\/schema\/logo\/image\/\"}}]}<\/script>\n<!-- \/ Yoast SEO plugin. -->","yoast_head_json":{"title":"Kontakt - Justcar.me","robots":{"index":"index","follow":"follow","max-snippet":"max-snippet:-1","max-image-preview":"max-image-preview:large","max-video-preview":"max-video-preview:-1"},"canonical":"https:\/\/justcar.me\/de\/kontakt\/","og_locale":"de_DE","og_type":"article","og_title":"Kontakt - Justcar.me","og_url":"https:\/\/justcar.me\/de\/kontakt\/","og_site_name":"Justcar.me","article_modified_time":"2024-05-11T20:38:02+00:00","twitter_card":"summary_large_image","twitter_misc":{"Gesch\u00e4tzte Lesezeit":"1\u00a0Minute"},"schema":{"@context":"https:\/\/schema.org","@graph":[{"@type":"WebPage","@id":"https:\/\/justcar.me\/de\/kontakt\/","url":"https:\/\/justcar.me\/de\/kontakt\/","name":"Kontakt - Justcar.me","isPartOf":{"@id":"https:\/\/justcar.me\/#website"},"datePublished":"2021-11-15T15:03:34+00:00","dateModified":"2024-05-11T20:38:02+00:00","breadcrumb":{"@id":"https:\/\/justcar.me\/de\/kontakt\/#breadcrumb"},"inLanguage":"de","potentialAction":[{"@type":"ReadAction","target":["https:\/\/justcar.me\/de\/kontakt\/"]}]},{"@type":"BreadcrumbList","@id":"https:\/\/justcar.me\/de\/kontakt\/#breadcrumb","itemListElement":[{"@type":"ListItem","position":1,"name":"Home","item":"https:\/\/justcar.me\/de\/"},{"@type":"ListItem","position":2,"name":"Kontakt"}]},{"@type":"WebSite","@id":"https:\/\/justcar.me\/#website","url":"https:\/\/justcar.me\/","name":"Justcar.me","description":"Just another WordPress site","publisher":{"@id":"https:\/\/justcar.me\/#organization"},"potentialAction":[{"@type":"SearchAction","target":{"@type":"EntryPoint","urlTemplate":"https:\/\/justcar.me\/?s={search_term_string}"},"query-input":{"@type":"PropertyValueSpecification","valueRequired":true,"valueName":"search_term_string"}}],"inLanguage":"de"},{"@type":"Organization","@id":"https:\/\/justcar.me\/#organization","name":"Justcar.me - The Car-Dealer Website","url":"https:\/\/justcar.me\/","logo":{"@type":"ImageObject","inLanguage":"de","@id":"https:\/\/justcar.me\/#\/schema\/logo\/image\/","url":"https:\/\/justcar.me\/wp-content\/uploads\/2023\/03\/logo.png","contentUrl":"https:\/\/justcar.me\/wp-content\/uploads\/2023\/03\/logo.png","width":12713,"height":5316,"caption":"Justcar.me - The Car-Dealer Website"},"image":{"@id":"https:\/\/justcar.me\/#\/schema\/logo\/image\/"}}]}},"jetpack_sharing_enabled":true,"_links":{"self":[{"href":"https:\/\/justcar.me\/de\/wp-json\/wp\/v2\/pages\/2392","targetHints":{"allow":["GET"]}}],"collection":[{"href":"https:\/\/justcar.me\/de\/wp-json\/wp\/v2\/pages"}],"about":[{"href":"https:\/\/justcar.me\/de\/wp-json\/wp\/v2\/types\/page"}],"author":[{"embeddable":true,"href":"https:\/\/justcar.me\/de\/wp-json\/wp\/v2\/users\/1"}],"replies":[{"embeddable":true,"href":"https:\/\/justcar.me\/de\/wp-json\/wp\/v2\/comments?post=2392"}],"version-history":[{"count":4,"href":"https:\/\/justcar.me\/de\/wp-json\/wp\/v2\/pages\/2392\/revisions"}],"predecessor-version":[{"id":2492,"href":"https:\/\/justcar.me\/de\/wp-json\/wp\/v2\/pages\/2392\/revisions\/2492"}],"wp:attachment":[{"href":"https:\/\/justcar.me\/de\/wp-json\/wp\/v2\/media?parent=2392"}],"curies":[{"name":"wp","href":"https:\/\/api.w.org\/{rel}","templated":true}]}}