{"id":2395,"date":"2023-04-08T20:42:24","date_gmt":"2023-04-08T20:42:24","guid":{"rendered":"https:\/\/justcar.me\/?page_id=2395"},"modified":"2024-05-11T20:38:13","modified_gmt":"2024-05-11T20:38:13","slug":"cookies","status":"publish","type":"page","link":"https:\/\/justcar.me\/de\/cookies\/","title":{"rendered":"Cookies"},"content":{"rendered":"<section class=\"l-section wpb_row height_huge color_secondary with_img parallax_ver\"><div class=\"l-section-img\" role=\"img\" data-img-width=\"1500\" data-img-height=\"844\" style=\"background-image: url(https:\/\/justcar.me\/wp-content\/uploads\/2023\/03\/modern-cars-are-in-the-studio-room-3d-illustration-and-3d-render-1.jpg);\"><\/div><div class=\"l-section-overlay\" style=\"background:linear-gradient(90deg,#000,rgba(0,0,0,0.00))\"><\/div><div class=\"l-section-h i-cf\"><div class=\"g-cols vc_row via_grid cols_1 laptops-cols_inherit tablets-cols_1 mobiles-cols_1 valign_top type_default reversed stacking_default\" style=\"--gap:0rem;\"><div class=\"wpb_column vc_column_container us_custom_fd43344c\"><div class=\"vc_column-inner\"><div class=\"w-separator size_small\"><\/div><h1 class=\"w-text us_custom_842faaf7\"><span class=\"w-text-h\"><span class=\"w-text-value\">Cookies<\/span><\/span><\/h1><div class=\"w-hwrapper valign_middle wrap align_none\" style=\"--hwrapper-gap:3rem\"><div class=\"wpb_text_column us_custom_29eda462\"><div class=\"wpb_wrapper\"><p>This page is currently displayed in German. More languages coming soon. For further questions please contact our support.<\/p>\n<\/div><\/div><div class=\"w-btn-wrapper align_none\"><a class=\"w-btn us-btn-style_4 us_custom_0207f80c\" href=\"\/contact\"><span class=\"w-btn-label\">Contact Support<\/span><\/a><\/div><\/div><\/div><\/div><\/div><\/div><\/section><section class=\"l-section wpb_row height_large\"><div class=\"l-section-h i-cf\"><div class=\"g-cols vc_row via_grid cols_1 laptops-cols_inherit tablets-cols_inherit mobiles-cols_1 valign_top type_default stacking_default\"><div class=\"wpb_column vc_column_container\"><div class=\"vc_column-inner\"><div class=\"wpb_text_column\"><div class=\"wpb_wrapper\"><p class=\"lead\"><strong>Erfassung von Daten<\/strong><\/p>\n<p>W\u00e4hrend Sie Auf Unsere Webseiten Zugreifen, Erfassen Wir Automatisch Daten Von Allgemeiner Natur. Diese Daten (Server-Logfiles) Umfassen Zum Beispiel Die Art Ihres Browsers, Ihr Betriebssystem, Den Domainnamen Ihres Internetanbieters Sowie Weitere \u00c4hnliche Allgemeine Daten. Diese Daten Sind Absolut Personen Unabh\u00e4ngig Und Werden Genutzt, Um Ihnen Die Webseiten Korrekt Darzustellen Und Werden Bei Jeder Nutzung Des Internets Abgerufen. Die Absolut Anonymen Daten Werden Statistisch Ausgewertet Um Unseren Service F\u00fcr Sie Zu Verbessern.<\/p>\n<p class=\"lead\"><strong>Anmeldung auf unserer Webseite<\/strong><\/p>\n<p>Bei Der Anmeldung F\u00fcr Spezifische Angebote Erfragen Wir Einige Pers\u00f6nliche Daten Wie Name, Anschrift, Kontakt, Telefonnummer Oder E-Mail-Adresse. Angemeldete Nutzer K\u00f6nnen Auf Bestimmte Zusatzleistungen Zugreifen. Angemeldete Nutzer Haben Die M\u00f6glichkeit, Alle Angegebenen Pers\u00f6nlichen Daten Zu Jedem Zeitpunkt Zu \u00c4ndern Oder L\u00f6schen Zu Lassen. Sie K\u00f6nnen Auch Jederzeit Die Von Ihnen Gespeicherten Daten Bei Uns Erfragen. Soweit Gesetzlich Keine Frist F\u00fcr Die Aufbewahrung Der Daten Besteht, K\u00f6nnen Diese Ge\u00e4ndert Oder Gel\u00f6scht Werden. Bitte Kontaktieren Sie Uns Dazu \u00dcber Unsere Kontaktseite.<\/p>\n<p class=\"lead\"><strong>Kostenpflichtige Leistungen<\/strong><\/p>\n<p>Wenn Sie Kostenpflichtige Leistungen In Anspruch Nehmen K\u00f6nnen Zus\u00e4tzliche Daten Erforderlich Werden, Unter Anderen Angaben Zur Art Der Bezahlung. Die Verwendung Von Aktuellster Technik Und Verschl\u00fcsselungsverfahren Sorgt F\u00fcr Einen Umfassenden Schutz Ihrer Daten.<\/p>\n<p class=\"lead\"><strong>Blog Kommentare<\/strong><\/p>\n<p>Wenn Sie In Unserem Blog Kommentare Abgeben Werden Neben Dem Reinen Text Auch Angaben Zum Zeitpunkt Der Erstellung Sowie Ihr Nutzername Gespeichert. Auf Diese Art Garantieren Wir Die Sicherheit Unseres Blog, Rechtswiedrige Beitr\u00e4ge Von Benutzern K\u00f6nnen Nach Verfolgt Werden.<\/p>\n<p class=\"lead\"><strong>Newsletter<\/strong><\/p>\n<p>Wenn Se Sich F\u00fcr Unseren Newsletter Anmelden Nutzen Wir Die Anmeldedaten Ausschlie\u00dflich F\u00fcr Den Newsletter-Dienst. Angemeldete Nutzer K\u00f6nnen Von Uns Kontaktiert Werden Um \u00dcber \u00c4nderungen, Aktualisierungen Oder Andere Relevante Informationen Unterrichtet Zu Werden. Bei Der Anmeldung Muss Eine G\u00fcltige E-Mail-Adresse Angegeben Werden. \u00dcber Das Sogenannte \u201eDouble-Opt-In\u201c Verfahren Wird Gepr\u00fcft, Ob Anmelder Und E-Mail \u00dcbereinstimmen. Sie Haben Das Recht, Ihre Daten F\u00fcr Den Newsletterdienst Jederzeit L\u00f6schen Zu Lassen. In Unseren Newslettern Finden Sie Einen Link Zur Abmeldung. Au\u00dferdem K\u00f6nnen Sie Sich Auf Der Webseite Abmelden Oder Uns Ihren Wunsch \u00dcber Unsere Kontaktseite Mitteilen.<\/p>\n<p class=\"lead\"><strong>Kontaktformular<\/strong><\/p>\n<p>Wenn Sie Uns \u00dcber Unsere Kontaktseite Kontaktieren Oder Uns Eine E-Mail Schicken Werden Die Entsprechenden Daten Zur Bearbeitung Gespeichert.<\/p>\n<p class=\"lead\"><strong>L\u00f6schung oder Sperrung Von Daten<\/strong><\/p>\n<p>Ihre Pers\u00f6nlichen Daten Werden Nur So Lange Gespeichert, Wie Dies Absolut Notwendig Ist Um Die Angegebenen Dienste Zu Leisten Und Es Vom Gesetz Vorgeschrieben Ist. Nach Ablauf Dieser Fristen Werden Die Pers\u00f6nlichen Daten Der Nutzer Regelm\u00e4\u00dfig Gesperrt Oder Gel\u00f6scht.Ihre Pers\u00f6nlichen Daten Werden Nur So Lange Gespeichert, Wie Dies Absolut Notwendig Ist Um Die Angegebenen Dienste Zu Leisten Und Es Vom Gesetz Vorgeschrieben Ist. Nach Ablauf Dieser Fristen Werden Die Pers\u00f6nlichen Daten Der Nutzer Regelm\u00e4\u00dfig Gesperrt Oder Gel\u00f6scht.<\/p>\n<p class=\"lead\"><strong>Google Analytics<\/strong><\/p>\n<p>Unsere Webseite Nutzt Google Analytics, Den Webanalysedienst Der Google Inc. (\u201eGoogle\u201c). Google Analytics Nutzt \u201eCookies\u201c, Kleine Textdateien, Die Auf Ihrem Rechner Gespeichert Werden Und Daten Zur Nutzung Unserer Webseite Speichern. Die Vom Cookie Erzeugten Daten \u00dcber Die Nutzung Unserer Webseite Werden An Einen Google Server In Die USA \u00dcbertragen Und Gespeichert. Da Auf Unseren Webseiten Eine IP-Anonymisierung Aktiviert Ist, Wird Ihre IP-Adresse Von Google Gek\u00fcrzt. Dies Gilt F\u00fcr Mitgliedstaaten Der Europ\u00e4ischen Union Und Anderen Vertragsstaaten Des Abkommens \u00dcber Den Europ\u00e4ischen Wirtschaftsraum. In Seltenen F\u00e4llen Kann Es Vorkommen, Dass Die Volle IP-Adresse An Einen Google Server In Den USA \u00dcbertragen Und Erst Dort Gek\u00fcrzt Wird. Google Nutzt Diese Informationen Um Ihre Nutzung Unserer Webseite Auszuwerten, Um F\u00fcr Uns Berichte \u00dcber Die Nutzung Der Webseite Zusammenzustellen Und Um Weitere Statistische Daten Zu Erheben. Ihre IP-Adresse Wird Dabei Niemals Mit Anderen Auf Google Gespeicherten Daten Zusammengef\u00fchrt. Die Verwendung Von Cookies Kann Durch Eine Einstellung In Ihrem Browser Verboten Werden; Dies Kann Jedoch Unter Umst\u00e4nden Die Funktion Unserer Webseite Beeintr\u00e4chtigen. Mittels Eines Speziellen Zusatzprogramms F\u00fcr Ihren Browser (Add On) K\u00f6nnen Sie Die Sammlung Von Daten Durch Google Analytics Desaktivieren.<\/p>\n<p class=\"lead\"><strong>Google Remarketing<\/strong><\/p>\n<p>Unsere Webseite Verwendet Die Google Remarketing-Funktion Die Dazu Dient, Besuchern Von Webseiten Die Zum Google-Werbenetzwerks Geh\u00f6ren Individuelle Werbung Zu Zeigen. In Ihrem Browser Wird Ein \u201eCookie\u201c Gespeichert, Mit Dem Sie Wiedererkannt Werden K\u00f6nnen, Wenn Sie Eine Webseite Aufrufen, Die Zum Google Werbenetzwerk Geh\u00f6rt. Dabei K\u00f6nnen Sie Werbung Pr\u00e4sentiert Bekommen, Die Mit Dem Besuch Von Anderen Webseiten In Zusammenhang Stehen, Die Ebenfalls Die Google Remarketing Funktion Verwenden. Google Speichert Dabei Keine Individuellen Daten. Unter Http:\/\/Www.Google.Com\/Settings\/Ads Haben Sie Die M\u00f6glichkeit, Die Funktion Von Google Remarketing Zu Desaktivieren. Der Einsatz Von Cookies F\u00fcr Individuelle Werbeschaltung Kann Ebenfalls Abgestellt Werden. Wie Das Geht Beschreibt Dieser Link: Http:\/\/Www.Networkadvertising.Org\/Managing\/Opt_out.Asp Folgen.<\/p>\n<p class=\"lead\"><strong>Piwik<\/strong><\/p>\n<p>Unsere Webseite Verwendet Piwik, Eine Open.Source-Software Die Daten Von Besuchern F\u00fcr Statistische Zwecke Erhebt. Dies Erfolgt \u00dcber \u201eCookies\u201c. Die Dadurch Erhobenen Daten Werden Auf Einem Server Gespeichert, Alle IP-Adressen Direkt Nach Der Verarbeitung Und Vor Der Speicherung Anonymisiert. \u00dcber Ihre Browser-Einstellungen K\u00f6nnen Sie Die Verwendung Von Cookies Einstellen. Eventuell K\u00f6nnen Diese Einstellungen Einfluss Auf Die Korrekte Funktion Unserer Website Nehmen. Sie K\u00f6nnen Auch Festlegen, Ob In Ihrem Web-Browser Ein Webanalyse-Cookie Gespeichert Werden Darf, Der Dem Betreiber Der Jeweiligen Webseite Die Sammlung Von Daten F\u00fcr Statistische Zwecke Erm\u00f6glicht.<\/p>\n<p class=\"lead\"><strong>Social Plugins<\/strong><\/p>\n<p>Wir Verwenden Auf Unserer Webseiten Social Plugins Der Im Folgenden Aufgelisteten Anbieter. Plugins Sind Mit Dem Entsprechenden Logo Gekennzeichnet. Der Dienstbetreiber Kann Unter Umst\u00e4nden Durch Solche Plugins Informationen Und Personenbezogene Daten Unserer Besucher Erhalten. Eine Von Uns Installierte 2-Klick-L\u00f6sung Verhindert Die Nicht Offensichtliche Erfassung Und \u00dcbertragung Von Daten An Den Dienstanbieter. Nur Wenn Ein Social Plugin Von Ihnen Per Klick Aktiviert Wird, Wird Die Sammlung Von Informationen Und Deren Versand An Den Dienstanbieter Ausgel\u00f6st. Welche Daten Ein Solches Plugin Erfasst Sobald Es Aktiviert Wurde, Und Wie Diese Anschlie\u00dfend Verwendet Werden, Liegt Au\u00dferhalb Unseres Einflusses. In Einigen F\u00e4llen Werden Direkte Verbindungen Zu Den Diensten Des Jeweiligen Anbieters Erstellt Und Die IP-Adresse Und Spezifische Nutzungs-Informationen K\u00f6nnen Dabei Erfasst Und Genutzt Werden. Dienstanbieter K\u00f6nnen Auch Versuchen, Cookies Auf Ihrem Rechner Zu Speichern. Wie Diese Cookies Arbeiten Erfahren Sie In Den Datenschutzhinweisen Des Entsprechenden Anbieters. Von Facebook K\u00f6nnen Sie Als Besucher Identifiziert Werden, Sofern Sie Aktuell In Ihrem Facebook Account Angemeldet Sind. Social-Media-Buttons Der Folgenden Unternehmen Sind Auf Unserer Webseite Eingebunden: Google Plus\/Google Inc. (1600 Amphitheatre Parkway \u2013 Mountain View \u2013 CA 94043 \u2013 USA)<\/p>\n<p class=\"lead\"><strong>Cookies<\/strong><\/p>\n<p>Unsere Webseite Verwendet \u201eCookies\u201c. Cookies Sind Textdateien, Die Vom Server Einer Webseite Auf Ihren Rechner \u00dcbertragen Werden. Bestimmte Daten Wie IP-Adresse, Browser, Betriebssystem Und Internet Verbindung Werden Dabei \u00dcbertragen. Cookies Starten Keine Programme Und \u00dcbertragen Keine Viren. Die Durch Cookies Gesammelten Informationen Dienen Dazu, Ihnen Die Navigation Zu Erleichtern Und Die Anzeige Unserer Webseiten Zu Optimieren. Daten, Die Von Uns Erfasst Werden, Werden Niemals Ohne Ihre Einwilligung An Daten An Dritte Weitergegeben Oder Mit Personenbezogenen Daten Verkn\u00fcpft. Die Verwendung Von Cookies Kann \u00dcber Einstellungen In Ihrem Browser Verhindert Werden. In Den Erl\u00e4uterungen Zu Ihrem Internetbrowsers Finden Sie Informationen Dar\u00fcber, Wie Man Diese Einstellungen Ver\u00e4ndern Kann. Einzelne Funktionen Unserer Website K\u00f6nnen Unter Umst\u00e4nden Nicht Richtig Funktionieren, Wenn Die Verwendung Von Cookies Desaktiviert Ist.<\/p>\n<p class=\"lead\"><strong>Skalierbares Zentrales Messverfahren<\/strong><\/p>\n<p>F\u00fcr Die Sammlung Statistischer Kennwerte \u00dcber Die Nutzung Unserer Dienste Nutzen Wir Das \u201eSkalierbare Zentrale Messverfahren\u201c (SZM) Der INFOnline GmbH Http:\/\/Www.Infonline.De) Dieses Verfahren Erhebt Anonyme Messwerte. Die SZM- Reichweitenmessung Verwendet Zur Wiedererkennung Von Computersystemen Entweder Einen Cookie Mit Der Kennung \u201eIoam.De\u201c, \u201eIvwbox.De\u201c, Ein LocalStorage Objekt Oder Eine Signatur, Die Aus Verschiedenen \u00dcbertragenen Informationen Ihres Web-Browsers Erstellt Wird. IP-Adressen Werden In Anonymisierter Form Genutzt. Bei Der Reichweitenmessung Wird Der Datenschutz Stets Ber\u00fccksichtigt. Diese Ermittelt Statistisch Die Nutzungsintensit\u00e4t Und Die Zahl Der Nutzer Einer Website. Dabei Werden Einzelne Nutzer Nicht Erkannt, Die Identit\u00e4t Bleibt Stets Gesch\u00fctzt. Das System Versendet Keine Werbung. Web-Angebote, Die Zur Informationsgemeinschaft Zur Feststellung Der Verbreitung Von Werbetr\u00e4gern E.V. (IVW \u2013 Http:\/\/Www.Ivw.Eu) Geh\u00f6ren Oder An Der Studie \u201eInternet Facts\u201c Der Arbeitsgemeinschaft Online-Forschung E.V. (AGOF \u2013 Www.Agof.De) Teilnehmen, Werden Die Nutzungsstatistiken Monatlich Von Der AGOF Und Der Arbeitsgemeinschaft Media-Analyse E.V. (Ag.Ma \u2013 Www.Agma-Mmc.De), Sowie Der IVW Ver\u00f6ffentlicht Und K\u00f6nnen Unter Http:\/\/Www.Agof.De, Http:\/\/Www.Agma-Mmc.De Und Http:\/\/Www.Ivw.Eu Eingesehen Werden, . Die IVW \u00dcberpr\u00fcft Das SZM-Verfahren Regelm\u00e4\u00dfig Im Hinblick Auf Eine Regel- Und Datenschutzkonforme Nutzung, Au\u00dferdem Werden Die Messdaten Ver\u00f6ffentlicht. Die Website Der INFOnline GmbH Https:\/\/Www.Infonline.De), Die Datenschutzwebsite Der AGOF (Http:\/\/Www.Agof.De\/Datenschutz) Und Die Datenschutzwebsite Der IVW (Http:\/\/Www.Ivw.Eu) Bieten Detaillierte Informationen Zum SZM-Verfahren. Sollten Sie Der Datenverarbeitung Durch Das SZM Nicht Entsprechen, K\u00f6nnen Sie Dies Unter Den Folgenden Links Kundtun: Http:\/\/Optout.Ioam.De Und Http:\/\/Optout.Ivwbox.De<\/p>\n<p class=\"lead\"><strong>Google AdWords<\/strong><\/p>\n<p>Unsere Webseite Verwendet Google Conversion-Tracking. Wenn Sie Durch Den Klick Auf Eine Google-Anzeige Auf Unsere Webseite Gelangt Sind, Speichert Google Adwords Ein Conversion-Tracking Cookie Auf Ihrem Computer. Nach 30 Tagen Verlieren Diese Cookies Ihre G\u00fcltigkeit, Webseitenbesucher Werden Dabei Nicht Identifiziert. Innerhalb Der 30 Tage Spanne K\u00f6nnen Wir Und Google Feststellen, Dass Der Nutzer Anfangs Auf Die Anzeige Geklickt Um Auf Unsere Seite Zu Landen. Google AdWords- Cookies Sind Kundenspezifisch Und K\u00f6nnen Nicht \u00dcber Die Webseiten Von AdWords-Kunden Nachverfolgt Werden. Die Mit Conversion-Cookies Gesammelten Informationen Werden Dazu Genutzt, Conversion-Statistiken F\u00fcr AdWords-Kunden Zu Erstellen, Die Conversion-Tracking Nutzen. Die Kunden Erfahren Dabei, Wie Viele Nutzer Die Eine Anzeige Genutzt Haben Um Ihre Seite Zu Besuchen. Pers\u00f6nliche Daten Der Nutzer Werden Dabei Nicht \u00dcbermittelt. Wer Sich Nicht Am Tracking Beteiligen M\u00f6chte Kann Dies In Den Browser Einstellungen Festlegen. Das Automatische Setzen Von Cookies Kann Generell Desaktiviert Werden Oder Sie K\u00f6nnen Ihren Browser So Einstellen, Dass Googleleadservices.Com Cookies Immer Blockiert Werden. Opt-Out-Cookies D\u00fcrfen Nicht Gel\u00f6scht Werden, Wenn Sie Die Aufzeichnung Von Messdaten Verweigern M\u00f6chten. Wenn Sie Die Cookies In Ihrem Browser L\u00f6schen, M\u00fcssen Alle Opt-Out Cookies Neu Gesetzt Werden.<\/p>\n<p class=\"lead\"><strong>Auskunft, Berichtigung, Sperre, L\u00f6schung Und Widerspruch<\/strong><\/p>\n<p>Sie K\u00f6nnen Zu Jedem Zeitpunkt Informationen \u00dcber Ihre Bei Uns Gespeicherten Daten Erbitten. Diese K\u00f6nnen Auch Berichtigt, Gesperrt Oder, Sofern Die Vorgeschriebene Zeitr\u00e4ume Der Datenspeicherung Zur Gesch\u00e4ftsabwicklung Abgelaufen Sind, Gel\u00f6scht Werden. Unser Datenschutzmitarbeiter Hilft Ihnen Bei Allen Entsprechenden Fragen. Seine Kontaktdaten Finden Sie Weiter Unten. Gesperrte Daten Werden In Einer Speziellen Sperrdatei Zu Kontrollzwecken Verwahrt. Wenn Die Gesetzliche Archivierungsverpflichtung Abgelaufen Ist K\u00f6nnen Sie Auch Die L\u00f6schung Der Daten Verlangen. Innerhalb Der Archivierungsverpflichtung K\u00f6nnen Wir Ihre Daten Auf Wunsch Sperren. \u00c4nderungen Oder Widerruf Von Einwilligungen K\u00f6nnen Durch Eine Mitteilung An Uns Vorgenommen Werden. Dies Ist Auch F\u00fcr Zuk\u00fcnftige Aktionen M\u00f6glich.<\/p>\n<p class=\"lead\"><strong>\u00c4nderung Der Datenschutzbestimmungen<\/strong><\/p>\n<p>Unsere Datenschutzerkl\u00e4rung K\u00f6nnen In Unregelm\u00e4\u00dfigen Abst\u00e4nden Angepasst Werden, Damit Sie Den Aktuellen Rechtlichen Anforderungen Entsprechen Oder Um \u00c4nderungen Unserer Dienstleistungen Umzusetzen, Z. B. Bei Der Einf\u00fcgung Neuer Angebote. F\u00fcr Ihren N\u00e4chsten Besuch Gilt Dann Automatisch Die Neue Datenschutzerkl\u00e4rung.<\/p>\n<p class=\"lead\"><strong>Kontakt Zum Datenschutzmitarbeiter<\/strong><\/p>\n<p>F\u00fcr Fragen Zum Datenschutz Schicken Sie Uns Bitte Eine Nachricht An Datenschutz@foodianer.com Mit Dem Betreff \u201eDatenschutz\u201c.<\/p>\n<\/div><\/div><\/div><\/div><\/div><\/div><\/section>\n","protected":false},"excerpt":{"rendered":"CookiesThis page is currently displayed in German. More languages coming soon. For further questions please contact our support. Contact SupportErfassung von Daten W\u00e4hrend Sie Auf Unsere Webseiten Zugreifen, Erfassen Wir Automatisch Daten Von Allgemeiner Natur. Diese Daten (Server-Logfiles) Umfassen Zum Beispiel Die Art Ihres Browsers, Ihr Betriebssystem, Den Domainnamen Ihres Internetanbieters Sowie Weitere \u00c4hnliche Allgemeine...","protected":false},"author":1,"featured_media":0,"parent":0,"menu_order":0,"comment_status":"closed","ping_status":"closed","template":"","meta":{"footnotes":""},"class_list":["post-2395","page","type-page","status-publish","hentry"],"yoast_head":"<!-- This site is optimized with the Yoast SEO plugin v23.4 - https:\/\/yoast.com\/wordpress\/plugins\/seo\/ -->\n<title>Cookies - Justcar.me<\/title>\n<meta name=\"robots\" content=\"index, follow, max-snippet:-1, max-image-preview:large, max-video-preview:-1\" \/>\n<link rel=\"canonical\" href=\"https:\/\/justcar.me\/de\/cookies\/\" \/>\n<meta property=\"og:locale\" content=\"de_DE\" \/>\n<meta property=\"og:type\" content=\"article\" \/>\n<meta property=\"og:title\" content=\"Cookies - Justcar.me\" \/>\n<meta property=\"og:url\" content=\"https:\/\/justcar.me\/de\/cookies\/\" \/>\n<meta property=\"og:site_name\" content=\"Justcar.me\" \/>\n<meta property=\"article:modified_time\" content=\"2024-05-11T20:38:13+00:00\" \/>\n<meta name=\"twitter:card\" content=\"summary_large_image\" \/>\n<meta name=\"twitter:label1\" content=\"Gesch\u00e4tzte Lesezeit\" \/>\n\t<meta name=\"twitter:data1\" content=\"8\u00a0Minuten\" \/>\n<script type=\"application\/ld+json\" class=\"yoast-schema-graph\">{\"@context\":\"https:\/\/schema.org\",\"@graph\":[{\"@type\":\"WebPage\",\"@id\":\"https:\/\/justcar.me\/de\/cookies\/\",\"url\":\"https:\/\/justcar.me\/de\/cookies\/\",\"name\":\"Cookies - Justcar.me\",\"isPartOf\":{\"@id\":\"https:\/\/justcar.me\/#website\"},\"datePublished\":\"2023-04-08T20:42:24+00:00\",\"dateModified\":\"2024-05-11T20:38:13+00:00\",\"breadcrumb\":{\"@id\":\"https:\/\/justcar.me\/de\/cookies\/#breadcrumb\"},\"inLanguage\":\"de\",\"potentialAction\":[{\"@type\":\"ReadAction\",\"target\":[\"https:\/\/justcar.me\/de\/cookies\/\"]}]},{\"@type\":\"BreadcrumbList\",\"@id\":\"https:\/\/justcar.me\/de\/cookies\/#breadcrumb\",\"itemListElement\":[{\"@type\":\"ListItem\",\"position\":1,\"name\":\"Home\",\"item\":\"https:\/\/justcar.me\/de\/\"},{\"@type\":\"ListItem\",\"position\":2,\"name\":\"Cookies\"}]},{\"@type\":\"WebSite\",\"@id\":\"https:\/\/justcar.me\/#website\",\"url\":\"https:\/\/justcar.me\/\",\"name\":\"Justcar.me\",\"description\":\"Just another WordPress site\",\"publisher\":{\"@id\":\"https:\/\/justcar.me\/#organization\"},\"potentialAction\":[{\"@type\":\"SearchAction\",\"target\":{\"@type\":\"EntryPoint\",\"urlTemplate\":\"https:\/\/justcar.me\/?s={search_term_string}\"},\"query-input\":{\"@type\":\"PropertyValueSpecification\",\"valueRequired\":true,\"valueName\":\"search_term_string\"}}],\"inLanguage\":\"de\"},{\"@type\":\"Organization\",\"@id\":\"https:\/\/justcar.me\/#organization\",\"name\":\"Justcar.me - The Car-Dealer Website\",\"url\":\"https:\/\/justcar.me\/\",\"logo\":{\"@type\":\"ImageObject\",\"inLanguage\":\"de\",\"@id\":\"https:\/\/justcar.me\/#\/schema\/logo\/image\/\",\"url\":\"https:\/\/justcar.me\/wp-content\/uploads\/2023\/03\/logo.png\",\"contentUrl\":\"https:\/\/justcar.me\/wp-content\/uploads\/2023\/03\/logo.png\",\"width\":12713,\"height\":5316,\"caption\":\"Justcar.me - The Car-Dealer Website\"},\"image\":{\"@id\":\"https:\/\/justcar.me\/#\/schema\/logo\/image\/\"}}]}<\/script>\n<!-- \/ Yoast SEO plugin. -->","yoast_head_json":{"title":"Cookies - Justcar.me","robots":{"index":"index","follow":"follow","max-snippet":"max-snippet:-1","max-image-preview":"max-image-preview:large","max-video-preview":"max-video-preview:-1"},"canonical":"https:\/\/justcar.me\/de\/cookies\/","og_locale":"de_DE","og_type":"article","og_title":"Cookies - Justcar.me","og_url":"https:\/\/justcar.me\/de\/cookies\/","og_site_name":"Justcar.me","article_modified_time":"2024-05-11T20:38:13+00:00","twitter_card":"summary_large_image","twitter_misc":{"Gesch\u00e4tzte Lesezeit":"8\u00a0Minuten"},"schema":{"@context":"https:\/\/schema.org","@graph":[{"@type":"WebPage","@id":"https:\/\/justcar.me\/de\/cookies\/","url":"https:\/\/justcar.me\/de\/cookies\/","name":"Cookies - Justcar.me","isPartOf":{"@id":"https:\/\/justcar.me\/#website"},"datePublished":"2023-04-08T20:42:24+00:00","dateModified":"2024-05-11T20:38:13+00:00","breadcrumb":{"@id":"https:\/\/justcar.me\/de\/cookies\/#breadcrumb"},"inLanguage":"de","potentialAction":[{"@type":"ReadAction","target":["https:\/\/justcar.me\/de\/cookies\/"]}]},{"@type":"BreadcrumbList","@id":"https:\/\/justcar.me\/de\/cookies\/#breadcrumb","itemListElement":[{"@type":"ListItem","position":1,"name":"Home","item":"https:\/\/justcar.me\/de\/"},{"@type":"ListItem","position":2,"name":"Cookies"}]},{"@type":"WebSite","@id":"https:\/\/justcar.me\/#website","url":"https:\/\/justcar.me\/","name":"Justcar.me","description":"Just another WordPress site","publisher":{"@id":"https:\/\/justcar.me\/#organization"},"potentialAction":[{"@type":"SearchAction","target":{"@type":"EntryPoint","urlTemplate":"https:\/\/justcar.me\/?s={search_term_string}"},"query-input":{"@type":"PropertyValueSpecification","valueRequired":true,"valueName":"search_term_string"}}],"inLanguage":"de"},{"@type":"Organization","@id":"https:\/\/justcar.me\/#organization","name":"Justcar.me - The Car-Dealer Website","url":"https:\/\/justcar.me\/","logo":{"@type":"ImageObject","inLanguage":"de","@id":"https:\/\/justcar.me\/#\/schema\/logo\/image\/","url":"https:\/\/justcar.me\/wp-content\/uploads\/2023\/03\/logo.png","contentUrl":"https:\/\/justcar.me\/wp-content\/uploads\/2023\/03\/logo.png","width":12713,"height":5316,"caption":"Justcar.me - The Car-Dealer Website"},"image":{"@id":"https:\/\/justcar.me\/#\/schema\/logo\/image\/"}}]}},"jetpack_sharing_enabled":true,"_links":{"self":[{"href":"https:\/\/justcar.me\/de\/wp-json\/wp\/v2\/pages\/2395","targetHints":{"allow":["GET"]}}],"collection":[{"href":"https:\/\/justcar.me\/de\/wp-json\/wp\/v2\/pages"}],"about":[{"href":"https:\/\/justcar.me\/de\/wp-json\/wp\/v2\/types\/page"}],"author":[{"embeddable":true,"href":"https:\/\/justcar.me\/de\/wp-json\/wp\/v2\/users\/1"}],"replies":[{"embeddable":true,"href":"https:\/\/justcar.me\/de\/wp-json\/wp\/v2\/comments?post=2395"}],"version-history":[{"count":2,"href":"https:\/\/justcar.me\/de\/wp-json\/wp\/v2\/pages\/2395\/revisions"}],"predecessor-version":[{"id":2397,"href":"https:\/\/justcar.me\/de\/wp-json\/wp\/v2\/pages\/2395\/revisions\/2397"}],"wp:attachment":[{"href":"https:\/\/justcar.me\/de\/wp-json\/wp\/v2\/media?parent=2395"}],"curies":[{"name":"wp","href":"https:\/\/api.w.org\/{rel}","templated":true}]}}