{"id":2398,"date":"2023-04-08T20:25:45","date_gmt":"2023-04-08T20:25:45","guid":{"rendered":"https:\/\/justcar.me\/?page_id=2398"},"modified":"2024-05-11T20:38:34","modified_gmt":"2024-05-11T20:38:34","slug":"impressum","status":"publish","type":"page","link":"https:\/\/justcar.me\/de\/impressum\/","title":{"rendered":"Impressum"},"content":{"rendered":"<section class=\"l-section wpb_row height_huge color_secondary with_img parallax_ver\"><div class=\"l-section-img\" role=\"img\" data-img-width=\"1000\" data-img-height=\"667\" style=\"background-image: url(https:\/\/justcar.me\/wp-content\/uploads\/2023\/03\/car-dashboard-and-wheel-close-up.jpg);\"><\/div><div class=\"l-section-overlay\" style=\"background:linear-gradient(90deg,#000,rgba(0,0,0,0.00))\"><\/div><div class=\"l-section-h i-cf\"><div class=\"g-cols vc_row via_grid cols_1 laptops-cols_inherit tablets-cols_1 mobiles-cols_1 valign_top type_default reversed stacking_default\" style=\"--gap:0rem;\"><div class=\"wpb_column vc_column_container us_custom_fd43344c\"><div class=\"vc_column-inner\"><div class=\"w-separator size_small\"><\/div><h1 class=\"w-text us_custom_842faaf7\"><span class=\"w-text-h\"><span class=\"w-text-value\">Impressum<\/span><\/span><\/h1><div class=\"w-hwrapper valign_middle wrap align_none\" style=\"--hwrapper-gap:3rem\"><\/div><\/div><\/div><\/div><\/div><\/section><section class=\"l-section wpb_row height_large\"><div class=\"l-section-h i-cf\"><div class=\"g-cols vc_row via_grid cols_1 laptops-cols_inherit tablets-cols_inherit mobiles-cols_1 valign_top type_default stacking_default\"><div class=\"wpb_column vc_column_container\"><div class=\"vc_column-inner\"><div class=\"wpb_text_column\"><div class=\"wpb_wrapper\"><p><strong>Impressum<\/strong><\/p>\n<p>Angaben gem\u00e4\u00df \u00a7 5 TMG<br \/>\nJovana Subotic<br \/>\nSt\u00f6berlstrasse 80<br \/>\n80686 M\u00fcnchen<\/p>\n<p>Vertreten durch: Jovana Subotic<br \/>\nKontakt:<br \/>\nTelefon: +49 (0) 89\/ 2000 851 20<br \/>\nFax: +49 (0) 89\/ 2000 851 25<br \/>\nE-Mail: info@jocianer.com<\/p>\n<p>Steuer-Nummer: 146\/225\/02934<br \/>\nUmsatzsteuer-ID-Nummer gem \u00a7 27 a Umsatzsteuer-Gesetz: DE 341 577 657<\/p>\n<p class=\"lead\"><strong>EU-Streitschlichtung<\/strong><\/p>\n<p>Die Europ\u00e4ische Kommission stellt eine Plattform zur Online-Streitbeilegung (OS) bereit:\u00a0<a href=\"http:\/\/ec.europa.eu\/odr\">http:\/\/ec.europa.eu\/odr<\/a>. Unsere E-Mail-Adresse finden Sie oben im Impressum.\u200b<\/p>\n<p class=\"lead\">Verbraucherstreitbeilegung\/ Universalschlichtungsstelle<\/p>\n<p>Wir sind nicht bereit oder verpflichtet, an Streitbeilegungsverfahren vor einer Verbraucherschlichtungsstelle teilzunehmen.<\/p>\n<p>\u200b<\/p>\n<p class=\"lead\"><strong>Haftung f\u00fcr Inhalte<\/strong><\/p>\n<p>Wir sind gem\u00e4\u00df \u00a7 7 Abs.1 TMG nur f\u00fcr eigene Inhalte auf diesen Seiten nach den allgemeinen Gesetzen verantwortlich. Nach \u00a7\u00a7 8 bis 10 TMG sind wir als Diensteanbieter jedoch nicht verpflichtet, \u00fcbermittelte oder gespeicherte fremde Informationen zu \u00fcberwachen oder nach Umst\u00e4nden zu forschen, die auf eine rechtswidrige T\u00e4tigkeit hinweisen. Verpflichtungen zur Entfernung oder Sperrung der Nutzung von Informationen nach den allgemeinen Gesetzen bleiben hiervon unber\u00fchrt. Eine diesbez\u00fcgliche Haftung ist jedoch erst ab dem Zeitpunkt der Kenntnis einer konkreten Rechtsverletzung m\u00f6glich. Bei Bekanntwerden von entsprechenden Rechtsverletzungen werden wir diese Inhalte umgehend entfernen.<\/p>\n<p>\u200b<\/p>\n<p class=\"lead\"><strong>Haftung f\u00fcr Links<\/strong><\/p>\n<p>Unser Angebot enth\u00e4lt Links zu externen Websites Dritter, auf deren Inhalte wir keinen Einfluss haben. Deshalb k\u00f6nnen wir f\u00fcr diese fremden Inhalte auch keine Gew\u00e4hr \u00fcbernehmen. F\u00fcr die Inhalte der verlinkten Seiten ist stets der jeweilige Anbieter oder Betreiber der Seiten verantwortlich. Die verlinkten Seiten wurden zum Zeitpunkt der Verlinkung auf m\u00f6gliche Rechtsverst\u00f6\u00dfe \u00fcberpr\u00fcft. Rechtswidrige Inhalte waren zum Zeitpunkt der Verlinkung nicht erkennbar. Eine permanente inhaltliche Kontrolle der verlinkten Seiten ist jedoch ohne konkrete Anhaltspunkte einer Rechtsverletzung nicht zumutbar. Bei Bekanntwerden von Rechtsverletzungen werden wir derartige Links umgehend entfernen.<\/p>\n<p>\u200b<\/p>\n<p class=\"lead\"><strong>Urheberrecht<\/strong><\/p>\n<p>Die durch die Seitenbetreiber erstellten Inhalte und Werke auf diesen Seiten unterliegen dem deutschen Urheberrecht. Die Vervielf\u00e4ltigung, Bearbeitung, Verbreitung und jede Art der Verwertung au\u00dferhalb der Grenzen des Urheberrechtes bed\u00fcrfen der schriftlichen Zustimmung des jeweiligen Autors bzw. Erstellers. Downloads und Kopien dieser Seite sind nur f\u00fcr den privaten, nicht kommerziellen Gebrauch gestattet. Soweit die Inhalte auf dieser Seite nicht vom Betreiber erstellt wurden, werden die Urheberrechte Dritter beachtet. Insbesondere werden Inhalte Dritter als solche gekennzeichnet. Sollten Sie trotzdem auf eine Urheberrechtsverletzung aufmerksam werden, bitten wir um einen entsprechenden Hinweis. Bei Bekanntwerden von Rechtsverletzungen werden wir derartige Inhalte umgehend entfernen.<\/p>\n<p>Stand: M\u00fcnchen, 09.02.2024<\/p>\n<\/div><\/div><\/div><\/div><\/div><\/div><\/section>\n","protected":false},"excerpt":{"rendered":"ImpressumImpressum Angaben gem\u00e4\u00df \u00a7 5 TMG Jovana Subotic St\u00f6berlstrasse 80 80686 M\u00fcnchen Vertreten durch: Jovana Subotic Kontakt: Telefon: +49 (0) 89\/ 2000 851 20 Fax: +49 (0) 89\/ 2000 851 25 E-Mail: info@jocianer.com Steuer-Nummer: 146\/225\/02934 Umsatzsteuer-ID-Nummer gem \u00a7 27 a Umsatzsteuer-Gesetz: DE 341 577 657 EU-Streitschlichtung Die Europ\u00e4ische Kommission stellt eine Plattform zur Online-Streitbeilegung (OS)...","protected":false},"author":1,"featured_media":0,"parent":0,"menu_order":0,"comment_status":"closed","ping_status":"closed","template":"","meta":{"footnotes":""},"class_list":["post-2398","page","type-page","status-publish","hentry"],"yoast_head":"<!-- This site is optimized with the Yoast SEO plugin v23.4 - https:\/\/yoast.com\/wordpress\/plugins\/seo\/ -->\n<title>Impressum - Justcar.me<\/title>\n<meta name=\"robots\" content=\"index, follow, max-snippet:-1, max-image-preview:large, max-video-preview:-1\" \/>\n<link rel=\"canonical\" href=\"https:\/\/justcar.me\/de\/impressum\/\" \/>\n<meta property=\"og:locale\" content=\"de_DE\" \/>\n<meta property=\"og:type\" content=\"article\" \/>\n<meta property=\"og:title\" content=\"Impressum - Justcar.me\" \/>\n<meta property=\"og:url\" content=\"https:\/\/justcar.me\/de\/impressum\/\" \/>\n<meta property=\"og:site_name\" content=\"Justcar.me\" \/>\n<meta property=\"article:modified_time\" content=\"2024-05-11T20:38:34+00:00\" \/>\n<meta name=\"twitter:card\" content=\"summary_large_image\" \/>\n<meta name=\"twitter:label1\" content=\"Gesch\u00e4tzte Lesezeit\" \/>\n\t<meta name=\"twitter:data1\" content=\"2\u00a0Minuten\" \/>\n<script type=\"application\/ld+json\" class=\"yoast-schema-graph\">{\"@context\":\"https:\/\/schema.org\",\"@graph\":[{\"@type\":\"WebPage\",\"@id\":\"https:\/\/justcar.me\/de\/impressum\/\",\"url\":\"https:\/\/justcar.me\/de\/impressum\/\",\"name\":\"Impressum - Justcar.me\",\"isPartOf\":{\"@id\":\"https:\/\/justcar.me\/#website\"},\"datePublished\":\"2023-04-08T20:25:45+00:00\",\"dateModified\":\"2024-05-11T20:38:34+00:00\",\"breadcrumb\":{\"@id\":\"https:\/\/justcar.me\/de\/impressum\/#breadcrumb\"},\"inLanguage\":\"de\",\"potentialAction\":[{\"@type\":\"ReadAction\",\"target\":[\"https:\/\/justcar.me\/de\/impressum\/\"]}]},{\"@type\":\"BreadcrumbList\",\"@id\":\"https:\/\/justcar.me\/de\/impressum\/#breadcrumb\",\"itemListElement\":[{\"@type\":\"ListItem\",\"position\":1,\"name\":\"Home\",\"item\":\"https:\/\/justcar.me\/de\/\"},{\"@type\":\"ListItem\",\"position\":2,\"name\":\"Impressum\"}]},{\"@type\":\"WebSite\",\"@id\":\"https:\/\/justcar.me\/#website\",\"url\":\"https:\/\/justcar.me\/\",\"name\":\"Justcar.me\",\"description\":\"Just another WordPress site\",\"publisher\":{\"@id\":\"https:\/\/justcar.me\/#organization\"},\"potentialAction\":[{\"@type\":\"SearchAction\",\"target\":{\"@type\":\"EntryPoint\",\"urlTemplate\":\"https:\/\/justcar.me\/?s={search_term_string}\"},\"query-input\":{\"@type\":\"PropertyValueSpecification\",\"valueRequired\":true,\"valueName\":\"search_term_string\"}}],\"inLanguage\":\"de\"},{\"@type\":\"Organization\",\"@id\":\"https:\/\/justcar.me\/#organization\",\"name\":\"Justcar.me - The Car-Dealer Website\",\"url\":\"https:\/\/justcar.me\/\",\"logo\":{\"@type\":\"ImageObject\",\"inLanguage\":\"de\",\"@id\":\"https:\/\/justcar.me\/#\/schema\/logo\/image\/\",\"url\":\"https:\/\/justcar.me\/wp-content\/uploads\/2023\/03\/logo.png\",\"contentUrl\":\"https:\/\/justcar.me\/wp-content\/uploads\/2023\/03\/logo.png\",\"width\":12713,\"height\":5316,\"caption\":\"Justcar.me - The Car-Dealer Website\"},\"image\":{\"@id\":\"https:\/\/justcar.me\/#\/schema\/logo\/image\/\"}}]}<\/script>\n<!-- \/ Yoast SEO plugin. -->","yoast_head_json":{"title":"Impressum - Justcar.me","robots":{"index":"index","follow":"follow","max-snippet":"max-snippet:-1","max-image-preview":"max-image-preview:large","max-video-preview":"max-video-preview:-1"},"canonical":"https:\/\/justcar.me\/de\/impressum\/","og_locale":"de_DE","og_type":"article","og_title":"Impressum - Justcar.me","og_url":"https:\/\/justcar.me\/de\/impressum\/","og_site_name":"Justcar.me","article_modified_time":"2024-05-11T20:38:34+00:00","twitter_card":"summary_large_image","twitter_misc":{"Gesch\u00e4tzte Lesezeit":"2\u00a0Minuten"},"schema":{"@context":"https:\/\/schema.org","@graph":[{"@type":"WebPage","@id":"https:\/\/justcar.me\/de\/impressum\/","url":"https:\/\/justcar.me\/de\/impressum\/","name":"Impressum - Justcar.me","isPartOf":{"@id":"https:\/\/justcar.me\/#website"},"datePublished":"2023-04-08T20:25:45+00:00","dateModified":"2024-05-11T20:38:34+00:00","breadcrumb":{"@id":"https:\/\/justcar.me\/de\/impressum\/#breadcrumb"},"inLanguage":"de","potentialAction":[{"@type":"ReadAction","target":["https:\/\/justcar.me\/de\/impressum\/"]}]},{"@type":"BreadcrumbList","@id":"https:\/\/justcar.me\/de\/impressum\/#breadcrumb","itemListElement":[{"@type":"ListItem","position":1,"name":"Home","item":"https:\/\/justcar.me\/de\/"},{"@type":"ListItem","position":2,"name":"Impressum"}]},{"@type":"WebSite","@id":"https:\/\/justcar.me\/#website","url":"https:\/\/justcar.me\/","name":"Justcar.me","description":"Just another WordPress site","publisher":{"@id":"https:\/\/justcar.me\/#organization"},"potentialAction":[{"@type":"SearchAction","target":{"@type":"EntryPoint","urlTemplate":"https:\/\/justcar.me\/?s={search_term_string}"},"query-input":{"@type":"PropertyValueSpecification","valueRequired":true,"valueName":"search_term_string"}}],"inLanguage":"de"},{"@type":"Organization","@id":"https:\/\/justcar.me\/#organization","name":"Justcar.me - The Car-Dealer Website","url":"https:\/\/justcar.me\/","logo":{"@type":"ImageObject","inLanguage":"de","@id":"https:\/\/justcar.me\/#\/schema\/logo\/image\/","url":"https:\/\/justcar.me\/wp-content\/uploads\/2023\/03\/logo.png","contentUrl":"https:\/\/justcar.me\/wp-content\/uploads\/2023\/03\/logo.png","width":12713,"height":5316,"caption":"Justcar.me - The Car-Dealer Website"},"image":{"@id":"https:\/\/justcar.me\/#\/schema\/logo\/image\/"}}]}},"jetpack_sharing_enabled":true,"_links":{"self":[{"href":"https:\/\/justcar.me\/de\/wp-json\/wp\/v2\/pages\/2398","targetHints":{"allow":["GET"]}}],"collection":[{"href":"https:\/\/justcar.me\/de\/wp-json\/wp\/v2\/pages"}],"about":[{"href":"https:\/\/justcar.me\/de\/wp-json\/wp\/v2\/types\/page"}],"author":[{"embeddable":true,"href":"https:\/\/justcar.me\/de\/wp-json\/wp\/v2\/users\/1"}],"replies":[{"embeddable":true,"href":"https:\/\/justcar.me\/de\/wp-json\/wp\/v2\/comments?post=2398"}],"version-history":[{"count":3,"href":"https:\/\/justcar.me\/de\/wp-json\/wp\/v2\/pages\/2398\/revisions"}],"predecessor-version":[{"id":2746,"href":"https:\/\/justcar.me\/de\/wp-json\/wp\/v2\/pages\/2398\/revisions\/2746"}],"wp:attachment":[{"href":"https:\/\/justcar.me\/de\/wp-json\/wp\/v2\/media?parent=2398"}],"curies":[{"name":"wp","href":"https:\/\/api.w.org\/{rel}","templated":true}]}}